{"id":870,"date":"2024-10-17T12:06:22","date_gmt":"2024-10-17T17:06:22","guid":{"rendered":"https:\/\/fedepapa.com\/home\/?page_id=870"},"modified":"2025-04-28T14:16:49","modified_gmt":"2025-04-28T19:16:49","slug":"reportes","status":"publish","type":"page","link":"https:\/\/fedepapa.com\/home\/reportes\/","title":{"rendered":"Reportes"},"content":{"rendered":"\t\t<div data-elementor-type=\"wp-page\" data-elementor-id=\"870\" class=\"elementor elementor-870\">\n\t\t\t\t<div class=\"elementor-element elementor-element-0b38074 e-flex e-con-boxed e-con e-parent\" data-id=\"0b38074\" data-element_type=\"container\" data-e-type=\"container\">\n\t\t\t\t\t<div class=\"e-con-inner\">\n\t\t\t\t<div class=\"elementor-element elementor-element-4e620ba elementor-widget elementor-widget-heading\" data-id=\"4e620ba\" data-element_type=\"widget\" data-e-type=\"widget\" data-widget_type=\"heading.default\">\n\t\t\t\t<div class=\"elementor-widget-container\">\n\t\t\t\t\t<h2 class=\"elementor-heading-title elementor-size-default\">La denuncia es completamente an\u00f3nima<\/h2>\t\t\t\t<\/div>\n\t\t\t\t<\/div>\n\t\t\t\t\t<\/div>\n\t\t\t\t<\/div>\n\t\t<div class=\"elementor-element elementor-element-11da206 e-flex e-con-boxed e-con e-parent\" data-id=\"11da206\" data-element_type=\"container\" data-e-type=\"container\">\n\t\t\t\t\t<div class=\"e-con-inner\">\n\t\t\t\t<div class=\"elementor-element elementor-element-6510f9e elementor-widget elementor-widget-text-editor\" data-id=\"6510f9e\" data-element_type=\"widget\" data-e-type=\"widget\" data-widget_type=\"text-editor.default\">\n\t\t\t\t<div class=\"elementor-widget-container\">\n\t\t\t\t\t\t\t\t\t<p><strong>Su identidad estar\u00e1 protegida en todo momento, contribuyendo a combatir la corrupci\u00f3n de manera segura.<\/strong><\/p><p><strong>(Por su seguridad puede cerrar su correo antes de hacer clic en<\/strong>\u00a0<strong>\u00a0los siguientes links)<\/strong><\/p>\t\t\t\t\t\t\t\t<\/div>\n\t\t\t\t<\/div>\n\t\t\t\t\t<\/div>\n\t\t\t\t<\/div>\n\t\t<div class=\"elementor-element elementor-element-08fcc4c e-flex e-con-boxed e-con e-parent\" data-id=\"08fcc4c\" data-element_type=\"container\" data-e-type=\"container\">\n\t\t\t\t\t<div class=\"e-con-inner\">\n\t\t\t\t<div class=\"elementor-element elementor-element-4aebe08 elementor-widget elementor-widget-spacer\" data-id=\"4aebe08\" data-element_type=\"widget\" data-e-type=\"widget\" data-widget_type=\"spacer.default\">\n\t\t\t\t<div class=\"elementor-widget-container\">\n\t\t\t\t\t\t\t<div class=\"elementor-spacer\">\n\t\t\t<div class=\"elementor-spacer-inner\"><\/div>\n\t\t<\/div>\n\t\t\t\t\t\t<\/div>\n\t\t\t\t<\/div>\n\t\t\t\t\t<\/div>\n\t\t\t\t<\/div>\n\t\t<div class=\"elementor-element elementor-element-6e2742f e-flex e-con-boxed e-con e-parent\" data-id=\"6e2742f\" data-element_type=\"container\" data-e-type=\"container\">\n\t\t\t\t\t<div class=\"e-con-inner\">\n\t\t<div class=\"elementor-element elementor-element-588d43e e-con-full e-flex e-con e-child\" data-id=\"588d43e\" data-element_type=\"container\" data-e-type=\"container\">\n\t\t\t\t<div class=\"elementor-element elementor-element-e43df38 e-transform elementor-widget elementor-widget-image\" data-id=\"e43df38\" data-element_type=\"widget\" data-e-type=\"widget\" data-settings=\"{&quot;_transform_scale_effect_hover&quot;:{&quot;unit&quot;:&quot;px&quot;,&quot;size&quot;:0.9,&quot;sizes&quot;:[]},&quot;_transform_scale_effect_hover_tablet&quot;:{&quot;unit&quot;:&quot;px&quot;,&quot;size&quot;:&quot;&quot;,&quot;sizes&quot;:[]},&quot;_transform_scale_effect_hover_mobile&quot;:{&quot;unit&quot;:&quot;px&quot;,&quot;size&quot;:&quot;&quot;,&quot;sizes&quot;:[]}}\" data-widget_type=\"image.default\">\n\t\t\t\t<div class=\"elementor-widget-container\">\n\t\t\t\t\t\t\t\t\t\t\t\t\t\t\t\t<a href=\"https:\/\/forms.gle\/NXig3mdD5osL9Jre8\" target=\"_blank\">\n\t\t\t\t\t\t\t<img fetchpriority=\"high\" decoding=\"async\" width=\"1024\" height=\"1024\" src=\"https:\/\/fedepapa.com\/home\/wp-content\/uploads\/2025\/04\/Denuncias-1024x1024.jpg\" class=\"attachment-large size-large wp-image-22682\" alt=\"\" srcset=\"https:\/\/fedepapa.com\/home\/wp-content\/uploads\/2025\/04\/Denuncias-1024x1024.jpg 1024w, https:\/\/fedepapa.com\/home\/wp-content\/uploads\/2025\/04\/Denuncias-300x300.jpg 300w, https:\/\/fedepapa.com\/home\/wp-content\/uploads\/2025\/04\/Denuncias-150x150.jpg 150w, https:\/\/fedepapa.com\/home\/wp-content\/uploads\/2025\/04\/Denuncias-768x768.jpg 768w, https:\/\/fedepapa.com\/home\/wp-content\/uploads\/2025\/04\/Denuncias.jpg 1080w\" sizes=\"(max-width: 1024px) 100vw, 1024px\" \/>\t\t\t\t\t\t\t\t<\/a>\n\t\t\t\t\t\t\t\t\t\t\t\t\t\t\t<\/div>\n\t\t\t\t<\/div>\n\t\t\t\t<\/div>\n\t\t<div class=\"elementor-element elementor-element-ff207d2 e-con-full e-flex e-con e-child\" data-id=\"ff207d2\" data-element_type=\"container\" data-e-type=\"container\">\n\t\t\t\t<div class=\"elementor-element elementor-element-ff53734 e-transform e-transform elementor-widget elementor-widget-image\" data-id=\"ff53734\" data-element_type=\"widget\" data-e-type=\"widget\" data-settings=\"{&quot;_transform_scale_effect_hover&quot;:{&quot;unit&quot;:&quot;px&quot;,&quot;size&quot;:0.9,&quot;sizes&quot;:[]},&quot;_transform_scale_effect&quot;:{&quot;unit&quot;:&quot;px&quot;,&quot;size&quot;:&quot;&quot;,&quot;sizes&quot;:[]},&quot;_transform_scale_effect_tablet&quot;:{&quot;unit&quot;:&quot;px&quot;,&quot;size&quot;:&quot;&quot;,&quot;sizes&quot;:[]},&quot;_transform_scale_effect_mobile&quot;:{&quot;unit&quot;:&quot;px&quot;,&quot;size&quot;:&quot;&quot;,&quot;sizes&quot;:[]},&quot;_transform_scale_effect_hover_tablet&quot;:{&quot;unit&quot;:&quot;px&quot;,&quot;size&quot;:&quot;&quot;,&quot;sizes&quot;:[]},&quot;_transform_scale_effect_hover_mobile&quot;:{&quot;unit&quot;:&quot;px&quot;,&quot;size&quot;:&quot;&quot;,&quot;sizes&quot;:[]}}\" data-widget_type=\"image.default\">\n\t\t\t\t<div class=\"elementor-widget-container\">\n\t\t\t\t\t\t\t\t\t\t\t\t\t\t\t\t<a href=\"https:\/\/fedepapa.com\/home\/pqrs\/\" target=\"_blank\">\n\t\t\t\t\t\t\t<img decoding=\"async\" width=\"1024\" height=\"1024\" src=\"https:\/\/fedepapa.com\/home\/wp-content\/uploads\/2025\/04\/PQRS-1024x1024.jpg\" class=\"attachment-large size-large wp-image-22683\" alt=\"\" srcset=\"https:\/\/fedepapa.com\/home\/wp-content\/uploads\/2025\/04\/PQRS-1024x1024.jpg 1024w, https:\/\/fedepapa.com\/home\/wp-content\/uploads\/2025\/04\/PQRS-300x300.jpg 300w, https:\/\/fedepapa.com\/home\/wp-content\/uploads\/2025\/04\/PQRS-150x150.jpg 150w, https:\/\/fedepapa.com\/home\/wp-content\/uploads\/2025\/04\/PQRS-768x768.jpg 768w, https:\/\/fedepapa.com\/home\/wp-content\/uploads\/2025\/04\/PQRS.jpg 1080w\" sizes=\"(max-width: 1024px) 100vw, 1024px\" \/>\t\t\t\t\t\t\t\t<\/a>\n\t\t\t\t\t\t\t\t\t\t\t\t\t\t\t<\/div>\n\t\t\t\t<\/div>\n\t\t\t\t<\/div>\n\t\t\t\t\t<\/div>\n\t\t\t\t<\/div>\n\t\t<div class=\"elementor-element elementor-element-d217a42 elementor-hidden-desktop elementor-hidden-tablet elementor-hidden-mobile e-flex e-con-boxed e-con e-parent\" data-id=\"d217a42\" data-element_type=\"container\" data-e-type=\"container\">\n\t\t\t\t\t<div class=\"e-con-inner\">\n\t\t<div class=\"elementor-element elementor-element-08dea4b e-con-full e-flex e-con e-child\" data-id=\"08dea4b\" data-element_type=\"container\" data-e-type=\"container\">\n\t\t\t\t<div class=\"elementor-element elementor-element-482b2b2 elementor-widget elementor-widget-text-editor\" data-id=\"482b2b2\" data-element_type=\"widget\" data-e-type=\"widget\" data-widget_type=\"text-editor.default\">\n\t\t\t\t<div class=\"elementor-widget-container\">\n\t\t\t\t\t\t\t\t\t<h2 style=\"text-align: center;\"><span style=\"color: #008000;\">Denuncias Anticorrupci\u00f3n<\/span><\/h2><div class=\"gmail_default\" style=\"text-align: center;\"><strong>\u00bfDesea informar alg\u00fan evento de corrupci\u00f3n?<\/strong><\/div><div class=\"gmail_default\" style=\"text-align: center;\">\u00a0<\/div><div class=\"gmail_default\" style=\"text-align: center;\"><strong>La denuncia es completamente an\u00f3nima. Su identidad estar\u00e1 protegida en todo momento, contribuyendo a combatir la corrupci\u00f3n de manera segura.(Por su seguridad puede cerrar su correo antes de hacer clic en<\/strong> <strong>el siguiente link).<\/strong><\/div><h4 style=\"text-align: center;\"><strong><a href=\"https:\/\/forms.gle\/NXig3mdD5osL9Jre8\" target=\"_blank\" rel=\"noopener\">&#8211;&gt; Denuncias Anticorrupci\u00f3n<\/a><\/strong><\/h4>\t\t\t\t\t\t\t\t<\/div>\n\t\t\t\t<\/div>\n\t\t\t\t<\/div>\n\t\t\t\t<div class=\"elementor-element elementor-element-4283720 elementor-invisible elementor-widget elementor-widget-text-editor\" data-id=\"4283720\" data-element_type=\"widget\" data-e-type=\"widget\" data-settings=\"{&quot;_animation&quot;:&quot;zoomIn&quot;}\" data-widget_type=\"text-editor.default\">\n\t\t\t\t<div class=\"elementor-widget-container\">\n\t\t\t\t\t\t\t\t\t<h2 style=\"text-align: center;\"><span style=\"color: #008000;\">Peticiones, Quejas o Reclamos<\/span><\/h2><p style=\"text-align: center;\"><strong>Para colocar una Petici\u00f3n, Queja, Reclamo o Sugerencia, puede hacerlo en el siguiente LINK:<\/strong><\/p><h3 style=\"text-align: center;\"><a href=\"https:\/\/fedepapa.com\/home\/pqrs\/\" target=\"_blank\" rel=\"noopener\" data-wplink-edit=\"true\">&#8211;&gt; PQR<\/a><\/h3>\t\t\t\t\t\t\t\t<\/div>\n\t\t\t\t<\/div>\n\t\t\t\t\t<\/div>\n\t\t\t\t<\/div>\n\t\t\t\t<\/div>\n\t\t","protected":false},"excerpt":{"rendered":"<p>La denuncia es completamente an\u00f3nima Su identidad estar\u00e1 protegida en todo momento, contribuyendo a combatir la corrupci\u00f3n de manera segura. (Por su seguridad puede cerrar su correo antes de hacer clic en\u00a0\u00a0los siguientes links) Denuncias Anticorrupci\u00f3n \u00bfDesea informar alg\u00fan evento de corrupci\u00f3n?\u00a0La denuncia es completamente an\u00f3nima. Su identidad estar\u00e1 protegida en todo momento, contribuyendo a&hellip;&nbsp;<a href=\"https:\/\/fedepapa.com\/home\/reportes\/\" rel=\"bookmark\">Read More &raquo;<span class=\"screen-reader-text\">Reportes<\/span><\/a><\/p>\n","protected":false},"author":1,"featured_media":0,"parent":0,"menu_order":0,"comment_status":"closed","ping_status":"closed","template":"page-templates\/template-pagebuilder-full-width.php","meta":{"neve_meta_sidebar":"","neve_meta_container":"","neve_meta_enable_content_width":"","neve_meta_content_width":0,"neve_meta_title_alignment":"","neve_meta_author_avatar":"","neve_post_elements_order":"","neve_meta_disable_header":"","neve_meta_disable_footer":"","neve_meta_disable_title":"","neve_meta_reading_time":"","_joinchat":[],"footnotes":""},"class_list":["post-870","page","type-page","status-publish","hentry"],"_links":{"self":[{"href":"https:\/\/fedepapa.com\/home\/wp-json\/wp\/v2\/pages\/870","targetHints":{"allow":["GET"]}}],"collection":[{"href":"https:\/\/fedepapa.com\/home\/wp-json\/wp\/v2\/pages"}],"about":[{"href":"https:\/\/fedepapa.com\/home\/wp-json\/wp\/v2\/types\/page"}],"author":[{"embeddable":true,"href":"https:\/\/fedepapa.com\/home\/wp-json\/wp\/v2\/users\/1"}],"replies":[{"embeddable":true,"href":"https:\/\/fedepapa.com\/home\/wp-json\/wp\/v2\/comments?post=870"}],"version-history":[{"count":52,"href":"https:\/\/fedepapa.com\/home\/wp-json\/wp\/v2\/pages\/870\/revisions"}],"predecessor-version":[{"id":22686,"href":"https:\/\/fedepapa.com\/home\/wp-json\/wp\/v2\/pages\/870\/revisions\/22686"}],"wp:attachment":[{"href":"https:\/\/fedepapa.com\/home\/wp-json\/wp\/v2\/media?parent=870"}],"curies":[{"name":"wp","href":"https:\/\/api.w.org\/{rel}","templated":true}]}}