{"id":673,"date":"2024-10-11T08:59:03","date_gmt":"2024-10-11T13:59:03","guid":{"rendered":"https:\/\/fedepapa.com\/home\/?page_id=673"},"modified":"2024-10-11T09:05:42","modified_gmt":"2024-10-11T14:05:42","slug":"revista-papa","status":"publish","type":"page","link":"https:\/\/fedepapa.com\/home\/revista-papa\/","title":{"rendered":"Revista Papa"},"content":{"rendered":"\t\t<div data-elementor-type=\"wp-page\" data-elementor-id=\"673\" class=\"elementor elementor-673\">\n\t\t\t\t<div class=\"elementor-element elementor-element-3725ea5 e-con-full e-flex e-con e-parent\" data-id=\"3725ea5\" data-element_type=\"container\" data-e-type=\"container\">\n\t\t\t\t<div class=\"elementor-element elementor-element-6cfac1a elementor-widget elementor-widget-text-editor\" data-id=\"6cfac1a\" data-element_type=\"widget\" data-e-type=\"widget\" data-widget_type=\"text-editor.default\">\n\t\t\t\t<div class=\"elementor-widget-container\">\n\t\t\t\t\t\t\t\t\t<p style=\"text-align: center;\"><div class=\"_df_book df-lite\" id=\"df_676\"  _slug=\"pauta-revista\" data-title=\"pauta-revista\" wpoptions=\"true\" thumbtype=\"\" ><\/div><script class=\"df-shortcode-script\" nowprocket type=\"application\/javascript\">window.option_df_676 = {\"outline\":[],\"backgroundColor\":\"FFF2D2\",\"autoEnableOutline\":\"false\",\"autoEnableThumbnail\":\"false\",\"overwritePDFOutline\":\"false\",\"direction\":\"1\",\"pageSize\":\"0\",\"source\":\"https:\\\/\\\/fedepapa.com\\\/home\\\/wp-content\\\/uploads\\\/2024\\\/10\\\/BROCHURE-COMERCIAL-2024.pdf\",\"wpOptions\":\"true\"}; if(window.DFLIP && window.DFLIP.parseBooks){window.DFLIP.parseBooks();}<\/script><\/p>\t\t\t\t\t\t\t\t<\/div>\n\t\t\t\t<\/div>\n\t\t\t\t<\/div>\n\t\t<div class=\"elementor-element elementor-element-fdc9162 e-flex e-con-boxed e-con e-parent\" data-id=\"fdc9162\" data-element_type=\"container\" data-e-type=\"container\">\n\t\t\t\t\t<div class=\"e-con-inner\">\n\t\t\t\t<div class=\"elementor-element elementor-element-6f06bf0 elementor-widget elementor-widget-text-editor\" data-id=\"6f06bf0\" data-element_type=\"widget\" data-e-type=\"widget\" data-widget_type=\"text-editor.default\">\n\t\t\t\t<div class=\"elementor-widget-container\">\n\t\t\t\t\t\t\t\t\t<p style=\"text-align: center;\"><strong>Si desea mayor informaci\u00f3n puede contactar a:<\/strong><\/p><p style=\"text-align: center;\"><strong>Ana Mar\u00eda Garc\u00eda Ram\u00edrez<\/strong><br \/>Coordinadora de Comunicaciones Fedepapa<br \/>+57 314 332 7680<br \/><a href=\"mailto:comunicaciones@fedepapa.org\">comunicaciones@fedepapa.org<\/a>\u00a0<\/p><p style=\"text-align: center;\"><strong>Cristhian Camilo Sep\u00falveda Casas<\/strong><br \/>Coordinador de Compras Fedepapa<br \/>+57 315 3199156<br \/><a href=\"mailto:compras@fedepapa.org\">compras@fedepapa.org<\/a><\/p>\t\t\t\t\t\t\t\t<\/div>\n\t\t\t\t<\/div>\n\t\t\t\t\t<\/div>\n\t\t\t\t<\/div>\n\t\t\t\t<\/div>\n\t\t","protected":false},"excerpt":{"rendered":"<p>Si desea mayor informaci\u00f3n puede contactar a: Ana Mar\u00eda Garc\u00eda Ram\u00edrezCoordinadora de Comunicaciones Fedepapa+57 314 332 7680comunicaciones@fedepapa.org\u00a0 Cristhian Camilo Sep\u00falveda CasasCoordinador de Compras Fedepapa+57 315 3199156compras@fedepapa.org<\/p>\n","protected":false},"author":1,"featured_media":0,"parent":0,"menu_order":0,"comment_status":"closed","ping_status":"closed","template":"page-templates\/template-pagebuilder-full-width.php","meta":{"neve_meta_sidebar":"","neve_meta_container":"","neve_meta_enable_content_width":"","neve_meta_content_width":0,"neve_meta_title_alignment":"","neve_meta_author_avatar":"","neve_post_elements_order":"","neve_meta_disable_header":"","neve_meta_disable_footer":"","neve_meta_disable_title":"","neve_meta_reading_time":"","_joinchat":[],"footnotes":""},"class_list":["post-673","page","type-page","status-publish","hentry"],"_links":{"self":[{"href":"https:\/\/fedepapa.com\/home\/wp-json\/wp\/v2\/pages\/673","targetHints":{"allow":["GET"]}}],"collection":[{"href":"https:\/\/fedepapa.com\/home\/wp-json\/wp\/v2\/pages"}],"about":[{"href":"https:\/\/fedepapa.com\/home\/wp-json\/wp\/v2\/types\/page"}],"author":[{"embeddable":true,"href":"https:\/\/fedepapa.com\/home\/wp-json\/wp\/v2\/users\/1"}],"replies":[{"embeddable":true,"href":"https:\/\/fedepapa.com\/home\/wp-json\/wp\/v2\/comments?post=673"}],"version-history":[{"count":4,"href":"https:\/\/fedepapa.com\/home\/wp-json\/wp\/v2\/pages\/673\/revisions"}],"predecessor-version":[{"id":681,"href":"https:\/\/fedepapa.com\/home\/wp-json\/wp\/v2\/pages\/673\/revisions\/681"}],"wp:attachment":[{"href":"https:\/\/fedepapa.com\/home\/wp-json\/wp\/v2\/media?parent=673"}],"curies":[{"name":"wp","href":"https:\/\/api.w.org\/{rel}","templated":true}]}}