{"id":49,"date":"2024-07-12T13:48:13","date_gmt":"2024-07-12T13:48:13","guid":{"rendered":"https:\/\/fedepapa.com\/home\/?page_id=49"},"modified":"2025-01-16T09:45:28","modified_gmt":"2025-01-16T14:45:28","slug":"afiliaciones","status":"publish","type":"page","link":"https:\/\/fedepapa.com\/home\/fedepapa\/afiliaciones\/","title":{"rendered":"Afiliaciones"},"content":{"rendered":"\t\t<div data-elementor-type=\"wp-page\" data-elementor-id=\"49\" class=\"elementor elementor-49\">\n\t\t\t\t<div class=\"elementor-element elementor-element-062ca4e e-con-full e-flex e-con e-parent\" data-id=\"062ca4e\" data-element_type=\"container\" data-e-type=\"container\">\n\t\t\t\t<div class=\"elementor-element elementor-element-b366baa elementor-widget elementor-widget-heading\" data-id=\"b366baa\" data-element_type=\"widget\" data-e-type=\"widget\" data-widget_type=\"heading.default\">\n\t\t\t\t<div class=\"elementor-widget-container\">\n\t\t\t\t\t<h2 class=\"elementor-heading-title elementor-size-default\">FEDEPAPA TE OFRECE<\/h2>\t\t\t\t<\/div>\n\t\t\t\t<\/div>\n\t\t\t\t<\/div>\n\t\t<div class=\"elementor-element elementor-element-ad10195 e-con-full e-flex e-con e-parent\" data-id=\"ad10195\" data-element_type=\"container\" data-e-type=\"container\">\n\t\t\t\t<div class=\"elementor-element elementor-element-49eeef4 elementor-invisible elementor-widget elementor-widget-text-editor\" data-id=\"49eeef4\" data-element_type=\"widget\" data-e-type=\"widget\" data-settings=\"{&quot;_animation&quot;:&quot;zoomIn&quot;}\" data-widget_type=\"text-editor.default\">\n\t\t\t\t<div class=\"elementor-widget-container\">\n\t\t\t\t\t\t\t\t\t<p style=\"text-align: center;\"><span style=\"color: #008000;\">M\u00e1s de 50 a\u00f1os de trayectoria.<\/span><\/p><p style=\"text-align: center;\"><span style=\"color: #008000;\">Representatividad institucional del cultivo de papa.<\/span><\/p><p style=\"text-align: center;\"><span style=\"color: #008000;\">Defensa de las importaciones de papa en fresco.<\/span><\/p><p style=\"text-align: center;\"><span style=\"color: #008000;\">Disponibilidad de semillas.<\/span><\/p><p style=\"text-align: center;\"><span style=\"color: #008000;\">Alianzas estrat\u00e9gicas.<\/span><\/p><p style=\"text-align: center;\"><span style=\"color: #008000;\">Sistemas de informaci\u00f3n.<\/span><\/p><p style=\"text-align: center;\"><span style=\"color: #008000;\">Fortalecimiento asociativo.<\/span><\/p><p style=\"text-align: center;\"><span style=\"color: #008000;\">Campa\u00f1as de consumo.<\/span><\/p><p style=\"text-align: center;\"><span style=\"color: #008000;\">Defensa de los intereses del sector.<\/span><\/p><p style=\"text-align: center;\"><span style=\"color: #008000;\">Descuentos en insumos agropecuarios.<\/span><\/p><p style=\"text-align: center;\"><span style=\"color: #008000;\">Calidad y garant\u00eda en los insumos agropecuarios.<\/span><\/p>\t\t\t\t\t\t\t\t<\/div>\n\t\t\t\t<\/div>\n\t\t\t\t<\/div>\n\t\t<div class=\"elementor-element elementor-element-8e4ba19 e-con-full e-flex e-con e-parent\" data-id=\"8e4ba19\" data-element_type=\"container\" data-e-type=\"container\">\n\t\t\t\t<div class=\"elementor-element elementor-element-8683052 elementor-invisible elementor-widget elementor-widget-heading\" data-id=\"8683052\" data-element_type=\"widget\" data-e-type=\"widget\" data-settings=\"{&quot;_animation&quot;:&quot;slideInRight&quot;}\" data-widget_type=\"heading.default\">\n\t\t\t\t<div class=\"elementor-widget-container\">\n\t\t\t\t\t<h2 class=\"elementor-heading-title elementor-size-default\">AFILIESE YA<\/h2>\t\t\t\t<\/div>\n\t\t\t\t<\/div>\n\t\t\t\t<\/div>\n\t\t<div class=\"elementor-element elementor-element-ef3cd3d e-flex e-con-boxed e-con e-parent\" data-id=\"ef3cd3d\" data-element_type=\"container\" data-e-type=\"container\">\n\t\t\t\t\t<div class=\"e-con-inner\">\n\t\t\t\t<div class=\"elementor-element elementor-element-45e9b7c elementor-widget elementor-widget-text-editor\" data-id=\"45e9b7c\" data-element_type=\"widget\" data-e-type=\"widget\" data-widget_type=\"text-editor.default\">\n\t\t\t\t<div class=\"elementor-widget-container\">\n\t\t\t\t\t\t\t\t\t<ol><li><span style=\"color: #008000;\">Registrarse en formato de afiliaci\u00f3n en los Almacenes de Insumos Agropecuarios o con el ingeniero agr\u00f3nomo de la zona.<\/span><\/li><li><span style=\"color: #008000;\">Cancelar la cuota de afiliaci\u00f3n (primera vez) $ 94,900.<\/span><\/li><li><span style=\"color: #008000;\">Para mantener activa la afiliaci\u00f3n, cada a\u00f1o se cancela la cuota de renovaci\u00f3n de $ 47,450.<\/span><\/li><li><span style=\"color: #008000;\">Por parte de \u00e1rea gremial e institucional recibir\u00e1 el carnet que lo acredita como afiliado a FEDEPAPA.<\/span><\/li><\/ol><hr \/><p style=\"text-align: center;\"><strong>Mayor informaci\u00f3n:\u00a0Ana Mar\u00eda Garc\u00eda. Cel: 314 332 7680<\/strong><\/p>\t\t\t\t\t\t\t\t<\/div>\n\t\t\t\t<\/div>\n\t\t\t\t\t<\/div>\n\t\t\t\t<\/div>\n\t\t<div class=\"elementor-element elementor-element-b5460ab e-con-full e-flex e-con e-parent\" data-id=\"b5460ab\" data-element_type=\"container\" data-e-type=\"container\">\n\t\t<div class=\"elementor-element elementor-element-197ae08 e-con-full e-flex e-con e-child\" data-id=\"197ae08\" data-element_type=\"container\" data-e-type=\"container\" data-settings=\"{&quot;background_background&quot;:&quot;classic&quot;}\">\n\t\t\t\t<div class=\"elementor-element elementor-element-1e3bedd elementor-widget elementor-widget-text-editor\" data-id=\"1e3bedd\" data-element_type=\"widget\" data-e-type=\"widget\" data-widget_type=\"text-editor.default\">\n\t\t\t\t<div class=\"elementor-widget-container\">\n\t\t\t\t\t\t\t\t\t<p style=\"text-align: center;\"><span style=\"color: #ffff99;\"><strong><a style=\"color: #ffff99;\" href=\"https:\/\/fedepapa.com\/home\/wp-content\/uploads\/2024\/10\/1.4.-PL-01-Manual-Interno-de-Politicas-de-tratamiento-datos.pdf\" target=\"_blank\" rel=\"noopener\">Pol\u00edtica de tratamiento de datos personales.<\/a><\/strong><\/span><\/p>\t\t\t\t\t\t\t\t<\/div>\n\t\t\t\t<\/div>\n\t\t\t\t<\/div>\n\t\t\t\t<\/div>\n\t\t\t\t<\/div>\n\t\t","protected":false},"excerpt":{"rendered":"<p>FEDEPAPA TE OFRECE M\u00e1s de 50 a\u00f1os de trayectoria. Representatividad institucional del cultivo de papa. Defensa de las importaciones de papa en fresco. Disponibilidad de semillas. Alianzas estrat\u00e9gicas. Sistemas de informaci\u00f3n. Fortalecimiento asociativo. Campa\u00f1as de consumo. Defensa de los intereses del sector. Descuentos en insumos agropecuarios. Calidad y garant\u00eda en los insumos agropecuarios. AFILIESE YA&hellip;&nbsp;<a href=\"https:\/\/fedepapa.com\/home\/fedepapa\/afiliaciones\/\" rel=\"bookmark\">Read More &raquo;<span class=\"screen-reader-text\">Afiliaciones<\/span><\/a><\/p>\n","protected":false},"author":1,"featured_media":0,"parent":10,"menu_order":3,"comment_status":"closed","ping_status":"closed","template":"elementor_header_footer","meta":{"neve_meta_sidebar":"","neve_meta_container":"","neve_meta_enable_content_width":"","neve_meta_content_width":0,"neve_meta_title_alignment":"","neve_meta_author_avatar":"","neve_post_elements_order":"","neve_meta_disable_header":"","neve_meta_disable_footer":"","neve_meta_disable_title":"","neve_meta_reading_time":"","_joinchat":[],"footnotes":""},"class_list":["post-49","page","type-page","status-publish","hentry"],"_links":{"self":[{"href":"https:\/\/fedepapa.com\/home\/wp-json\/wp\/v2\/pages\/49","targetHints":{"allow":["GET"]}}],"collection":[{"href":"https:\/\/fedepapa.com\/home\/wp-json\/wp\/v2\/pages"}],"about":[{"href":"https:\/\/fedepapa.com\/home\/wp-json\/wp\/v2\/types\/page"}],"author":[{"embeddable":true,"href":"https:\/\/fedepapa.com\/home\/wp-json\/wp\/v2\/users\/1"}],"replies":[{"embeddable":true,"href":"https:\/\/fedepapa.com\/home\/wp-json\/wp\/v2\/comments?post=49"}],"version-history":[{"count":22,"href":"https:\/\/fedepapa.com\/home\/wp-json\/wp\/v2\/pages\/49\/revisions"}],"predecessor-version":[{"id":22137,"href":"https:\/\/fedepapa.com\/home\/wp-json\/wp\/v2\/pages\/49\/revisions\/22137"}],"up":[{"embeddable":true,"href":"https:\/\/fedepapa.com\/home\/wp-json\/wp\/v2\/pages\/10"}],"wp:attachment":[{"href":"https:\/\/fedepapa.com\/home\/wp-json\/wp\/v2\/media?parent=49"}],"curies":[{"name":"wp","href":"https:\/\/api.w.org\/{rel}","templated":true}]}}