{"id":22946,"date":"2025-07-16T11:45:09","date_gmt":"2025-07-16T16:45:09","guid":{"rendered":"https:\/\/fedepapa.com\/home\/?page_id=22946"},"modified":"2025-10-09T16:05:55","modified_gmt":"2025-10-09T21:05:55","slug":"vacantes","status":"publish","type":"page","link":"https:\/\/fedepapa.com\/home\/vacantes\/","title":{"rendered":"Vacantes"},"content":{"rendered":"\t\t<div data-elementor-type=\"wp-page\" data-elementor-id=\"22946\" class=\"elementor elementor-22946\">\n\t\t\t\t<div class=\"elementor-element elementor-element-403667c e-flex e-con-boxed e-con e-parent\" data-id=\"403667c\" data-element_type=\"container\" data-e-type=\"container\">\n\t\t\t\t\t<div class=\"e-con-inner\">\n\t\t\t\t<div class=\"elementor-element elementor-element-9a725e2 elementor-widget elementor-widget-heading\" data-id=\"9a725e2\" data-element_type=\"widget\" data-e-type=\"widget\" data-widget_type=\"heading.default\">\n\t\t\t\t<div class=\"elementor-widget-container\">\n\t\t\t\t\t<h2 class=\"elementor-heading-title elementor-size-default\">Trabaja con nosotros\n<\/h2>\t\t\t\t<\/div>\n\t\t\t\t<\/div>\n\t\t\t\t\t<\/div>\n\t\t\t\t<\/div>\n\t\t<div class=\"elementor-element elementor-element-5eb4fb9 e-flex e-con-boxed e-con e-parent\" data-id=\"5eb4fb9\" data-element_type=\"container\" data-e-type=\"container\">\n\t\t\t\t\t<div class=\"e-con-inner\">\n\t\t\t\t<div class=\"elementor-element elementor-element-508d57e elementor-widget elementor-widget-heading\" data-id=\"508d57e\" data-element_type=\"widget\" data-e-type=\"widget\" data-widget_type=\"heading.default\">\n\t\t\t\t<div class=\"elementor-widget-container\">\n\t\t\t\t\t<h2 class=\"elementor-heading-title elementor-size-default\">\u00a1\u00danete a Fedepapa y Cosecha Oportunidades!\n<\/h2>\t\t\t\t<\/div>\n\t\t\t\t<\/div>\n\t\t\t\t\t<\/div>\n\t\t\t\t<\/div>\n\t\t<div class=\"elementor-element elementor-element-f737b16 e-flex e-con-boxed e-con e-parent\" data-id=\"f737b16\" data-element_type=\"container\" data-e-type=\"container\">\n\t\t\t\t\t<div class=\"e-con-inner\">\n\t\t<div class=\"elementor-element elementor-element-05e5add e-con-full e-flex e-con e-child\" data-id=\"05e5add\" data-element_type=\"container\" data-e-type=\"container\">\n\t\t\t\t<div class=\"elementor-element elementor-element-1a5f208 elementor-widget elementor-widget-heading\" data-id=\"1a5f208\" data-element_type=\"widget\" data-e-type=\"widget\" data-widget_type=\"heading.default\">\n\t\t\t\t<div class=\"elementor-widget-container\">\n\t\t\t\t\t<h2 class=\"elementor-heading-title elementor-size-default\">En <b>Fedepapa<\/b>, somos una organizaci\u00f3n l\u00edder comprometida con el desarrollo y la prosperidad del sector agr\u00edcola colombiano. \n<br>Nuestro equipo est\u00e1 altamente calificado y dedicado a impulsar la transformaci\u00f3n del campo, beneficiando a productores, sus familias y comunidades.\n\nSi buscas una oportunidad para que tu talento contribuya significativamente a la mejora de la calidad de vida de miles de personas e impacte positivamente el desarrollo socioecon\u00f3mico del pa\u00eds, te invitamos a considerar nuestras vacantes.<br>\n\n<b>\u00a1Esperamos contar contigo para seguir mejorando la calidad de vida de los agricultores, haciendo de su negocio rentable y sostenible!<\/b>\n<\/h2>\t\t\t\t<\/div>\n\t\t\t\t<\/div>\n\t\t\t\t<\/div>\n\t\t\t\t\t<\/div>\n\t\t\t\t<\/div>\n\t\t<div class=\"elementor-element elementor-element-9fbf010 e-flex e-con-boxed e-con e-parent\" data-id=\"9fbf010\" data-element_type=\"container\" data-e-type=\"container\">\n\t\t\t\t\t<div class=\"e-con-inner\">\n\t\t\t\t<div class=\"elementor-element elementor-element-6f0626a elementor-widget elementor-widget-spacer\" data-id=\"6f0626a\" data-element_type=\"widget\" data-e-type=\"widget\" data-widget_type=\"spacer.default\">\n\t\t\t\t<div class=\"elementor-widget-container\">\n\t\t\t\t\t\t\t<div class=\"elementor-spacer\">\n\t\t\t<div class=\"elementor-spacer-inner\"><\/div>\n\t\t<\/div>\n\t\t\t\t\t\t<\/div>\n\t\t\t\t<\/div>\n\t\t\t\t\t<\/div>\n\t\t\t\t<\/div>\n\t\t<div class=\"elementor-element elementor-element-59db180 e-grid e-con-full e-con e-parent\" data-id=\"59db180\" data-element_type=\"container\" data-e-type=\"container\">\n\t\t\t\t<div class=\"elementor-element elementor-element-3fe4824 elementor-widget elementor-widget-image\" data-id=\"3fe4824\" data-element_type=\"widget\" data-e-type=\"widget\" data-widget_type=\"image.default\">\n\t\t\t\t<div class=\"elementor-widget-container\">\n\t\t\t\t\t\t\t\t\t\t\t\t\t\t\t\t<a href=\"https:\/\/fedepapa.com\/home\/wp-content\/uploads\/2025\/10\/convocatoria-representante-tecnico-pecuario-web-web.pdf\" target=\"_blank\">\n\t\t\t\t\t\t\t<img fetchpriority=\"high\" decoding=\"async\" width=\"1024\" height=\"576\" src=\"https:\/\/fedepapa.com\/home\/wp-content\/uploads\/2025\/09\/convocatoria-web--1024x576.jpg\" class=\"attachment-large size-large wp-image-23125\" alt=\"\" srcset=\"https:\/\/fedepapa.com\/home\/wp-content\/uploads\/2025\/09\/convocatoria-web--1024x576.jpg 1024w, https:\/\/fedepapa.com\/home\/wp-content\/uploads\/2025\/09\/convocatoria-web--300x169.jpg 300w, https:\/\/fedepapa.com\/home\/wp-content\/uploads\/2025\/09\/convocatoria-web--768x432.jpg 768w, https:\/\/fedepapa.com\/home\/wp-content\/uploads\/2025\/09\/convocatoria-web-.jpg 1280w\" sizes=\"(max-width: 1024px) 100vw, 1024px\" \/>\t\t\t\t\t\t\t\t<\/a>\n\t\t\t\t\t\t\t\t\t\t\t\t\t\t\t<\/div>\n\t\t\t\t<\/div>\n\t\t\t\t<div class=\"elementor-element elementor-element-653039a elementor-widget elementor-widget-image\" data-id=\"653039a\" data-element_type=\"widget\" data-e-type=\"widget\" data-widget_type=\"image.default\">\n\t\t\t\t<div class=\"elementor-widget-container\">\n\t\t\t\t\t\t\t\t\t\t\t\t\t\t\t\t<a href=\"https:\/\/fedepapa.com\/home\/wp-content\/uploads\/2025\/10\/convocatoria-representante-tecnico-comecial-cuentas-web.pdf\" target=\"_blank\">\n\t\t\t\t\t\t\t<img decoding=\"async\" width=\"1024\" height=\"576\" src=\"https:\/\/fedepapa.com\/home\/wp-content\/uploads\/2025\/10\/convocatoria-web-1024x576.jpg\" class=\"attachment-large size-large wp-image-23165\" alt=\"\" srcset=\"https:\/\/fedepapa.com\/home\/wp-content\/uploads\/2025\/10\/convocatoria-web-1024x576.jpg 1024w, https:\/\/fedepapa.com\/home\/wp-content\/uploads\/2025\/10\/convocatoria-web-300x169.jpg 300w, https:\/\/fedepapa.com\/home\/wp-content\/uploads\/2025\/10\/convocatoria-web-768x432.jpg 768w, https:\/\/fedepapa.com\/home\/wp-content\/uploads\/2025\/10\/convocatoria-web.jpg 1280w\" sizes=\"(max-width: 1024px) 100vw, 1024px\" \/>\t\t\t\t\t\t\t\t<\/a>\n\t\t\t\t\t\t\t\t\t\t\t\t\t\t\t<\/div>\n\t\t\t\t<\/div>\n\t\t\t\t<div class=\"elementor-element elementor-element-45cfd4c elementor-widget elementor-widget-image\" data-id=\"45cfd4c\" data-element_type=\"widget\" data-e-type=\"widget\" data-widget_type=\"image.default\">\n\t\t\t\t<div class=\"elementor-widget-container\">\n\t\t\t\t\t\t\t\t\t\t\t\t\t\t\t\t<a href=\"https:\/\/fedepapa.com\/home\/wp-content\/uploads\/2025\/08\/Segmento-Medio_.pdf\" target=\"_blank\">\n\t\t\t\t\t\t\t<img decoding=\"async\" width=\"1024\" height=\"577\" src=\"https:\/\/fedepapa.com\/home\/wp-content\/uploads\/2025\/08\/TR-Segmento-Medio-1024x577.png\" class=\"attachment-large size-large wp-image-23049\" alt=\"\" srcset=\"https:\/\/fedepapa.com\/home\/wp-content\/uploads\/2025\/08\/TR-Segmento-Medio-1024x577.png 1024w, https:\/\/fedepapa.com\/home\/wp-content\/uploads\/2025\/08\/TR-Segmento-Medio-300x169.png 300w, https:\/\/fedepapa.com\/home\/wp-content\/uploads\/2025\/08\/TR-Segmento-Medio-768x433.png 768w, https:\/\/fedepapa.com\/home\/wp-content\/uploads\/2025\/08\/TR-Segmento-Medio.png 1280w\" sizes=\"(max-width: 1024px) 100vw, 1024px\" \/>\t\t\t\t\t\t\t\t<\/a>\n\t\t\t\t\t\t\t\t\t\t\t\t\t\t\t<\/div>\n\t\t\t\t<\/div>\n\t\t\t\t<\/div>\n\t\t<div class=\"elementor-element elementor-element-2adefdc e-con-full e-flex e-con e-parent\" data-id=\"2adefdc\" data-element_type=\"container\" data-e-type=\"container\">\n\t\t<div class=\"elementor-element elementor-element-9c4785f e-con-full e-flex e-con e-child\" data-id=\"9c4785f\" data-element_type=\"container\" data-e-type=\"container\">\n\t\t\t\t<\/div>\n\t\t<div class=\"elementor-element elementor-element-46b77fe e-con-full e-flex e-con e-child\" data-id=\"46b77fe\" data-element_type=\"container\" data-e-type=\"container\">\n\t\t\t\t<\/div>\n\t\t<div class=\"elementor-element elementor-element-04e131b e-con-full e-flex e-con e-child\" data-id=\"04e131b\" data-element_type=\"container\" data-e-type=\"container\">\n\t\t\t\t<\/div>\n\t\t<div class=\"elementor-element elementor-element-17016ea e-con-full e-flex e-con e-child\" data-id=\"17016ea\" data-element_type=\"container\" data-e-type=\"container\">\n\t\t\t\t<\/div>\n\t\t<div class=\"elementor-element elementor-element-6dd424f e-con-full e-flex e-con e-child\" data-id=\"6dd424f\" data-element_type=\"container\" data-e-type=\"container\">\n\t\t\t\t<\/div>\n\t\t<div class=\"elementor-element elementor-element-a67009b e-con-full e-flex e-con e-child\" data-id=\"a67009b\" data-element_type=\"container\" data-e-type=\"container\">\n\t\t\t\t<\/div>\n\t\t\t\t<\/div>\n\t\t<div class=\"elementor-element elementor-element-ab00ff7 e-con-full e-flex e-con e-parent\" data-id=\"ab00ff7\" data-element_type=\"container\" data-e-type=\"container\">\n\t\t<div class=\"elementor-element elementor-element-4543f98 e-con-full e-flex e-con e-child\" data-id=\"4543f98\" data-element_type=\"container\" data-e-type=\"container\">\n\t\t\t\t<\/div>\n\t\t<div class=\"elementor-element elementor-element-c79b6c5 e-con-full e-flex e-con e-child\" data-id=\"c79b6c5\" data-element_type=\"container\" data-e-type=\"container\">\n\t\t\t\t<\/div>\n\t\t<div class=\"elementor-element elementor-element-aadb7fe e-con-full e-flex e-con e-child\" data-id=\"aadb7fe\" data-element_type=\"container\" data-e-type=\"container\">\n\t\t\t\t<\/div>\n\t\t<div class=\"elementor-element elementor-element-9e74a8b e-con-full e-flex e-con e-child\" data-id=\"9e74a8b\" data-element_type=\"container\" data-e-type=\"container\">\n\t\t\t\t<\/div>\n\t\t<div class=\"elementor-element elementor-element-10a6ac4 e-con-full e-flex e-con e-child\" data-id=\"10a6ac4\" data-element_type=\"container\" data-e-type=\"container\">\n\t\t\t\t<\/div>\n\t\t<div class=\"elementor-element elementor-element-ddbc48a e-con-full e-flex e-con e-child\" data-id=\"ddbc48a\" data-element_type=\"container\" data-e-type=\"container\">\n\t\t\t\t<\/div>\n\t\t\t\t<\/div>\n\t\t\t\t<\/div>\n\t\t","protected":false},"excerpt":{"rendered":"<p>Trabaja con nosotros \u00a1\u00danete a Fedepapa y Cosecha Oportunidades! En Fedepapa, somos una organizaci\u00f3n l\u00edder comprometida con el desarrollo y la prosperidad del sector agr\u00edcola colombiano. Nuestro equipo est\u00e1 altamente calificado y dedicado a impulsar la transformaci\u00f3n del campo, beneficiando a productores, sus familias y comunidades. Si buscas una oportunidad para que tu talento contribuya&hellip;&nbsp;<a href=\"https:\/\/fedepapa.com\/home\/vacantes\/\" rel=\"bookmark\">Read More &raquo;<span class=\"screen-reader-text\">Vacantes<\/span><\/a><\/p>\n","protected":false},"author":3,"featured_media":0,"parent":0,"menu_order":0,"comment_status":"closed","ping_status":"closed","template":"elementor_header_footer","meta":{"neve_meta_sidebar":"","neve_meta_container":"","neve_meta_enable_content_width":"","neve_meta_content_width":0,"neve_meta_title_alignment":"","neve_meta_author_avatar":"","neve_post_elements_order":"","neve_meta_disable_header":"","neve_meta_disable_footer":"","neve_meta_disable_title":"","neve_meta_reading_time":"","_joinchat":[],"footnotes":""},"class_list":["post-22946","page","type-page","status-publish","hentry"],"_links":{"self":[{"href":"https:\/\/fedepapa.com\/home\/wp-json\/wp\/v2\/pages\/22946","targetHints":{"allow":["GET"]}}],"collection":[{"href":"https:\/\/fedepapa.com\/home\/wp-json\/wp\/v2\/pages"}],"about":[{"href":"https:\/\/fedepapa.com\/home\/wp-json\/wp\/v2\/types\/page"}],"author":[{"embeddable":true,"href":"https:\/\/fedepapa.com\/home\/wp-json\/wp\/v2\/users\/3"}],"replies":[{"embeddable":true,"href":"https:\/\/fedepapa.com\/home\/wp-json\/wp\/v2\/comments?post=22946"}],"version-history":[{"count":37,"href":"https:\/\/fedepapa.com\/home\/wp-json\/wp\/v2\/pages\/22946\/revisions"}],"predecessor-version":[{"id":23179,"href":"https:\/\/fedepapa.com\/home\/wp-json\/wp\/v2\/pages\/22946\/revisions\/23179"}],"wp:attachment":[{"href":"https:\/\/fedepapa.com\/home\/wp-json\/wp\/v2\/media?parent=22946"}],"curies":[{"name":"wp","href":"https:\/\/api.w.org\/{rel}","templated":true}]}}