{"id":22843,"date":"2025-05-19T12:26:13","date_gmt":"2025-05-19T17:26:13","guid":{"rendered":"https:\/\/fedepapa.com\/home\/?page_id=22843"},"modified":"2025-05-19T15:54:25","modified_gmt":"2025-05-19T20:54:25","slug":"nosotros","status":"publish","type":"page","link":"https:\/\/fedepapa.com\/home\/nosotros\/","title":{"rendered":"Nosotros"},"content":{"rendered":"\t\t<div data-elementor-type=\"wp-page\" data-elementor-id=\"22843\" class=\"elementor elementor-22843\">\n\t\t\t\t<div class=\"elementor-element elementor-element-5c53695 e-flex e-con-boxed e-con e-parent\" data-id=\"5c53695\" data-element_type=\"container\" data-e-type=\"container\" data-settings=\"{&quot;background_background&quot;:&quot;classic&quot;}\">\n\t\t\t\t\t<div class=\"e-con-inner\">\n\t\t<div class=\"elementor-element elementor-element-71445e8 e-con-full e-flex e-con e-child\" data-id=\"71445e8\" data-element_type=\"container\" data-e-type=\"container\">\n\t\t<div class=\"elementor-element elementor-element-95e5957 e-con-full e-flex e-con e-child\" data-id=\"95e5957\" data-element_type=\"container\" data-e-type=\"container\">\n\t\t\t\t<div class=\"elementor-element elementor-element-ac32e49 elementor-widget elementor-widget-image\" data-id=\"ac32e49\" data-element_type=\"widget\" data-e-type=\"widget\" data-widget_type=\"image.default\">\n\t\t\t\t<div class=\"elementor-widget-container\">\n\t\t\t\t\t\t\t\t\t\t\t\t\t\t\t<img fetchpriority=\"high\" decoding=\"async\" width=\"1024\" height=\"1024\" src=\"https:\/\/fedepapa.com\/home\/wp-content\/uploads\/2025\/05\/2-1024x1024.png\" class=\"attachment-large size-large wp-image-22852\" alt=\"\" srcset=\"https:\/\/fedepapa.com\/home\/wp-content\/uploads\/2025\/05\/2-1024x1024.png 1024w, https:\/\/fedepapa.com\/home\/wp-content\/uploads\/2025\/05\/2-300x300.png 300w, https:\/\/fedepapa.com\/home\/wp-content\/uploads\/2025\/05\/2-150x150.png 150w, https:\/\/fedepapa.com\/home\/wp-content\/uploads\/2025\/05\/2-768x768.png 768w, https:\/\/fedepapa.com\/home\/wp-content\/uploads\/2025\/05\/2.png 1080w\" sizes=\"(max-width: 1024px) 100vw, 1024px\" \/>\t\t\t\t\t\t\t\t\t\t\t\t\t\t\t<\/div>\n\t\t\t\t<\/div>\n\t\t\t\t<div class=\"elementor-element elementor-element-7c5b108 elementor-widget elementor-widget-image\" data-id=\"7c5b108\" data-element_type=\"widget\" data-e-type=\"widget\" data-widget_type=\"image.default\">\n\t\t\t\t<div class=\"elementor-widget-container\">\n\t\t\t\t\t\t\t\t\t\t\t\t\t\t\t<img decoding=\"async\" width=\"1024\" height=\"1024\" src=\"https:\/\/fedepapa.com\/home\/wp-content\/uploads\/2025\/05\/3-1024x1024.png\" class=\"attachment-large size-large wp-image-22853\" alt=\"\" srcset=\"https:\/\/fedepapa.com\/home\/wp-content\/uploads\/2025\/05\/3-1024x1024.png 1024w, https:\/\/fedepapa.com\/home\/wp-content\/uploads\/2025\/05\/3-300x300.png 300w, https:\/\/fedepapa.com\/home\/wp-content\/uploads\/2025\/05\/3-150x150.png 150w, https:\/\/fedepapa.com\/home\/wp-content\/uploads\/2025\/05\/3-768x768.png 768w, https:\/\/fedepapa.com\/home\/wp-content\/uploads\/2025\/05\/3.png 1080w\" sizes=\"(max-width: 1024px) 100vw, 1024px\" \/>\t\t\t\t\t\t\t\t\t\t\t\t\t\t\t<\/div>\n\t\t\t\t<\/div>\n\t\t\t\t<\/div>\n\t\t<div class=\"elementor-element elementor-element-04a6187 e-con-full e-flex e-con e-child\" data-id=\"04a6187\" data-element_type=\"container\" data-e-type=\"container\">\n\t\t\t\t<div class=\"elementor-element elementor-element-43938eb elementor-widget elementor-widget-image\" data-id=\"43938eb\" data-element_type=\"widget\" data-e-type=\"widget\" data-widget_type=\"image.default\">\n\t\t\t\t<div class=\"elementor-widget-container\">\n\t\t\t\t\t\t\t\t\t\t\t\t\t\t\t<img decoding=\"async\" width=\"1024\" height=\"1024\" src=\"https:\/\/fedepapa.com\/home\/wp-content\/uploads\/2025\/05\/1-1024x1024.png\" class=\"attachment-large size-large wp-image-22851\" alt=\"\" srcset=\"https:\/\/fedepapa.com\/home\/wp-content\/uploads\/2025\/05\/1-1024x1024.png 1024w, https:\/\/fedepapa.com\/home\/wp-content\/uploads\/2025\/05\/1-300x300.png 300w, https:\/\/fedepapa.com\/home\/wp-content\/uploads\/2025\/05\/1-150x150.png 150w, https:\/\/fedepapa.com\/home\/wp-content\/uploads\/2025\/05\/1-768x768.png 768w, https:\/\/fedepapa.com\/home\/wp-content\/uploads\/2025\/05\/1.png 1080w\" sizes=\"(max-width: 1024px) 100vw, 1024px\" \/>\t\t\t\t\t\t\t\t\t\t\t\t\t\t\t<\/div>\n\t\t\t\t<\/div>\n\t\t\t\t<div class=\"elementor-element elementor-element-20088ec elementor-widget elementor-widget-image\" data-id=\"20088ec\" data-element_type=\"widget\" data-e-type=\"widget\" data-widget_type=\"image.default\">\n\t\t\t\t<div class=\"elementor-widget-container\">\n\t\t\t\t\t\t\t\t\t\t\t\t\t\t\t<img loading=\"lazy\" decoding=\"async\" width=\"1024\" height=\"1024\" src=\"https:\/\/fedepapa.com\/home\/wp-content\/uploads\/2025\/05\/4-1024x1024.png\" class=\"attachment-large size-large wp-image-22854\" alt=\"\" srcset=\"https:\/\/fedepapa.com\/home\/wp-content\/uploads\/2025\/05\/4-1024x1024.png 1024w, https:\/\/fedepapa.com\/home\/wp-content\/uploads\/2025\/05\/4-300x300.png 300w, https:\/\/fedepapa.com\/home\/wp-content\/uploads\/2025\/05\/4-150x150.png 150w, https:\/\/fedepapa.com\/home\/wp-content\/uploads\/2025\/05\/4-768x768.png 768w, https:\/\/fedepapa.com\/home\/wp-content\/uploads\/2025\/05\/4.png 1080w\" sizes=\"(max-width: 1024px) 100vw, 1024px\" \/>\t\t\t\t\t\t\t\t\t\t\t\t\t\t\t<\/div>\n\t\t\t\t<\/div>\n\t\t\t\t<\/div>\n\t\t\t\t<\/div>\n\t\t<div class=\"elementor-element elementor-element-9433f9e e-con-full e-flex e-con e-child\" data-id=\"9433f9e\" data-element_type=\"container\" data-e-type=\"container\">\n\t\t\t\t<div class=\"elementor-element elementor-element-7c28a79 elementor-widget elementor-widget-heading\" data-id=\"7c28a79\" data-element_type=\"widget\" data-e-type=\"widget\" data-widget_type=\"heading.default\">\n\t\t\t\t<div class=\"elementor-widget-container\">\n\t\t\t\t\t<h3 class=\"elementor-heading-title elementor-size-default\">MISI\u00d3N FEDEPAPA\u200b<\/h3>\t\t\t\t<\/div>\n\t\t\t\t<\/div>\n\t\t\t\t<div class=\"elementor-element elementor-element-7051673 elementor-widget elementor-widget-text-editor\" data-id=\"7051673\" data-element_type=\"widget\" data-e-type=\"widget\" data-widget_type=\"text-editor.default\">\n\t\t\t\t<div class=\"elementor-widget-container\">\n\t\t\t\t\t\t\t\t\t<p>Representar los intereses del sector productivo papa, promoviendo su mejoramiento competitivo y sostenible mediante la concertaci\u00f3n, recomendaci\u00f3n y ejecuci\u00f3n de pol\u00edticas, estrategias y acciones que con enfoque diferencial permitan mejorar el nivel de vida de los productores y actores vinculados a la cadena agroalimentaria de la papa, su desarrollo integral y equitativo a partir de una gesti\u00f3n transparente, concertada y legal.<\/p>\t\t\t\t\t\t\t\t<\/div>\n\t\t\t\t<\/div>\n\t\t\t\t<\/div>\n\t\t\t\t\t<\/div>\n\t\t\t\t<\/div>\n\t\t<div class=\"elementor-element elementor-element-19ac673 e-flex e-con-boxed e-con e-parent\" data-id=\"19ac673\" data-element_type=\"container\" data-e-type=\"container\">\n\t\t\t\t\t<div class=\"e-con-inner\">\n\t\t<div class=\"elementor-element elementor-element-4fda650 e-con-full e-flex e-con e-child\" data-id=\"4fda650\" data-element_type=\"container\" data-e-type=\"container\">\n\t\t\t\t<div class=\"elementor-element elementor-element-bad5564 elementor-widget elementor-widget-heading\" data-id=\"bad5564\" data-element_type=\"widget\" data-e-type=\"widget\" data-widget_type=\"heading.default\">\n\t\t\t\t<div class=\"elementor-widget-container\">\n\t\t\t\t\t<h2 class=\"elementor-heading-title elementor-size-default\">VISI\u00d3N FEDEPAPA<\/h2>\t\t\t\t<\/div>\n\t\t\t\t<\/div>\n\t\t\t\t<div class=\"elementor-element elementor-element-ab74fe4 elementor-widget elementor-widget-text-editor\" data-id=\"ab74fe4\" data-element_type=\"widget\" data-e-type=\"widget\" data-widget_type=\"text-editor.default\">\n\t\t\t\t<div class=\"elementor-widget-container\">\n\t\t\t\t\t\t\t\t\t<p>En el a\u00f1o 2025, Fedepapa ser\u00e1 reconocida nacional e internacionalmente por propender por una cadena agroalimentaria de la papa sostenible econ\u00f3mica, social y ambientalmente, siendo una entidad que se oriente a mejorar e impulsar la participaci\u00f3n de sus agremiados en los mercados nacionales e internacionales, liderando procesos de innovaci\u00f3n tecnol\u00f3gica, el desarrollo empresarial y soporte de la seguridad alimentaria.<\/p>\t\t\t\t\t\t\t\t<\/div>\n\t\t\t\t<\/div>\n\t\t\t\t<\/div>\n\t\t<div class=\"elementor-element elementor-element-b383f01 e-con-full e-flex e-con e-child\" data-id=\"b383f01\" data-element_type=\"container\" data-e-type=\"container\">\n\t\t\t\t<div class=\"elementor-element elementor-element-635f844 elementor-widget elementor-widget-image\" data-id=\"635f844\" data-element_type=\"widget\" data-e-type=\"widget\" data-widget_type=\"image.default\">\n\t\t\t\t<div class=\"elementor-widget-container\">\n\t\t\t\t\t\t\t\t\t\t\t\t\t\t\t<img loading=\"lazy\" decoding=\"async\" width=\"1024\" height=\"1024\" src=\"https:\/\/fedepapa.com\/home\/wp-content\/uploads\/2025\/05\/7-1024x1024.png\" class=\"attachment-large size-large wp-image-22856\" alt=\"\" srcset=\"https:\/\/fedepapa.com\/home\/wp-content\/uploads\/2025\/05\/7-1024x1024.png 1024w, https:\/\/fedepapa.com\/home\/wp-content\/uploads\/2025\/05\/7-300x300.png 300w, https:\/\/fedepapa.com\/home\/wp-content\/uploads\/2025\/05\/7-150x150.png 150w, https:\/\/fedepapa.com\/home\/wp-content\/uploads\/2025\/05\/7-768x768.png 768w, https:\/\/fedepapa.com\/home\/wp-content\/uploads\/2025\/05\/7.png 1080w\" sizes=\"(max-width: 1024px) 100vw, 1024px\" \/>\t\t\t\t\t\t\t\t\t\t\t\t\t\t\t<\/div>\n\t\t\t\t<\/div>\n\t\t\t\t<div class=\"elementor-element elementor-element-858f81e elementor-widget elementor-widget-image\" data-id=\"858f81e\" data-element_type=\"widget\" data-e-type=\"widget\" data-widget_type=\"image.default\">\n\t\t\t\t<div class=\"elementor-widget-container\">\n\t\t\t\t\t\t\t\t\t\t\t\t\t\t\t<img loading=\"lazy\" decoding=\"async\" width=\"1024\" height=\"1024\" src=\"https:\/\/fedepapa.com\/home\/wp-content\/uploads\/2025\/05\/5-1024x1024.png\" class=\"attachment-large size-large wp-image-22858\" alt=\"\" srcset=\"https:\/\/fedepapa.com\/home\/wp-content\/uploads\/2025\/05\/5-1024x1024.png 1024w, https:\/\/fedepapa.com\/home\/wp-content\/uploads\/2025\/05\/5-300x300.png 300w, https:\/\/fedepapa.com\/home\/wp-content\/uploads\/2025\/05\/5-150x150.png 150w, https:\/\/fedepapa.com\/home\/wp-content\/uploads\/2025\/05\/5-768x768.png 768w, https:\/\/fedepapa.com\/home\/wp-content\/uploads\/2025\/05\/5.png 1080w\" sizes=\"(max-width: 1024px) 100vw, 1024px\" \/>\t\t\t\t\t\t\t\t\t\t\t\t\t\t\t<\/div>\n\t\t\t\t<\/div>\n\t\t\t\t<\/div>\n\t\t<div class=\"elementor-element elementor-element-063b8a5 e-con-full e-flex e-con e-child\" data-id=\"063b8a5\" data-element_type=\"container\" data-e-type=\"container\">\n\t\t\t\t<div class=\"elementor-element elementor-element-2c6ae0e elementor-widget elementor-widget-image\" data-id=\"2c6ae0e\" data-element_type=\"widget\" data-e-type=\"widget\" data-widget_type=\"image.default\">\n\t\t\t\t<div class=\"elementor-widget-container\">\n\t\t\t\t\t\t\t\t\t\t\t\t\t\t\t<img loading=\"lazy\" decoding=\"async\" width=\"1024\" height=\"1024\" src=\"https:\/\/fedepapa.com\/home\/wp-content\/uploads\/2025\/05\/8-1024x1024.png\" class=\"attachment-large size-large wp-image-22855\" alt=\"\" srcset=\"https:\/\/fedepapa.com\/home\/wp-content\/uploads\/2025\/05\/8-1024x1024.png 1024w, https:\/\/fedepapa.com\/home\/wp-content\/uploads\/2025\/05\/8-300x300.png 300w, https:\/\/fedepapa.com\/home\/wp-content\/uploads\/2025\/05\/8-150x150.png 150w, https:\/\/fedepapa.com\/home\/wp-content\/uploads\/2025\/05\/8-768x768.png 768w, https:\/\/fedepapa.com\/home\/wp-content\/uploads\/2025\/05\/8.png 1080w\" sizes=\"(max-width: 1024px) 100vw, 1024px\" \/>\t\t\t\t\t\t\t\t\t\t\t\t\t\t\t<\/div>\n\t\t\t\t<\/div>\n\t\t\t\t<div class=\"elementor-element elementor-element-e9ef38d elementor-widget elementor-widget-image\" data-id=\"e9ef38d\" data-element_type=\"widget\" data-e-type=\"widget\" data-widget_type=\"image.default\">\n\t\t\t\t<div class=\"elementor-widget-container\">\n\t\t\t\t\t\t\t\t\t\t\t\t\t\t\t<img loading=\"lazy\" decoding=\"async\" width=\"1024\" height=\"1024\" src=\"https:\/\/fedepapa.com\/home\/wp-content\/uploads\/2025\/05\/6-1024x1024.png\" class=\"attachment-large size-large wp-image-22857\" alt=\"\" srcset=\"https:\/\/fedepapa.com\/home\/wp-content\/uploads\/2025\/05\/6-1024x1024.png 1024w, https:\/\/fedepapa.com\/home\/wp-content\/uploads\/2025\/05\/6-300x300.png 300w, https:\/\/fedepapa.com\/home\/wp-content\/uploads\/2025\/05\/6-150x150.png 150w, https:\/\/fedepapa.com\/home\/wp-content\/uploads\/2025\/05\/6-768x768.png 768w, https:\/\/fedepapa.com\/home\/wp-content\/uploads\/2025\/05\/6.png 1080w\" sizes=\"(max-width: 1024px) 100vw, 1024px\" \/>\t\t\t\t\t\t\t\t\t\t\t\t\t\t\t<\/div>\n\t\t\t\t<\/div>\n\t\t\t\t<\/div>\n\t\t\t\t\t<\/div>\n\t\t\t\t<\/div>\n\t\t<div class=\"elementor-element elementor-element-1824113 e-flex e-con-boxed e-con e-parent\" data-id=\"1824113\" data-element_type=\"container\" data-e-type=\"container\">\n\t\t\t\t\t<div class=\"e-con-inner\">\n\t\t\t\t<div class=\"elementor-element elementor-element-44cc697 elementor-widget elementor-widget-spacer\" data-id=\"44cc697\" data-element_type=\"widget\" data-e-type=\"widget\" data-widget_type=\"spacer.default\">\n\t\t\t\t<div class=\"elementor-widget-container\">\n\t\t\t\t\t\t\t<div class=\"elementor-spacer\">\n\t\t\t<div class=\"elementor-spacer-inner\"><\/div>\n\t\t<\/div>\n\t\t\t\t\t\t<\/div>\n\t\t\t\t<\/div>\n\t\t\t\t\t<\/div>\n\t\t\t\t<\/div>\n\t\t<div class=\"elementor-element elementor-element-1965553 e-flex e-con-boxed e-con e-parent\" data-id=\"1965553\" data-element_type=\"container\" data-e-type=\"container\" data-settings=\"{&quot;background_background&quot;:&quot;classic&quot;}\">\n\t\t\t\t\t<div class=\"e-con-inner\">\n\t\t\t\t<div class=\"elementor-element elementor-element-50149887 elementor-widget elementor-widget-heading\" data-id=\"50149887\" data-element_type=\"widget\" data-e-type=\"widget\" data-widget_type=\"heading.default\">\n\t\t\t\t<div class=\"elementor-widget-container\">\n\t\t\t\t\t<h3 class=\"elementor-heading-title elementor-size-default\">PILARES DE FEDEPAPA<\/h3>\t\t\t\t<\/div>\n\t\t\t\t<\/div>\n\t\t\t\t<div class=\"elementor-element elementor-element-32361b35 elementor-widget elementor-widget-heading\" data-id=\"32361b35\" data-element_type=\"widget\" data-e-type=\"widget\" data-widget_type=\"heading.default\">\n\t\t\t\t<div class=\"elementor-widget-container\">\n\t\t\t\t\t<p class=\"elementor-heading-title elementor-size-default\">Ejes que fortalecen al productor de papa<\/p>\t\t\t\t<\/div>\n\t\t\t\t<\/div>\n\t\t\t\t\t<\/div>\n\t\t\t\t<\/div>\n\t\t<div class=\"elementor-element elementor-element-d9483f5 e-con-full e-flex e-con e-parent\" data-id=\"d9483f5\" data-element_type=\"container\" data-e-type=\"container\" data-settings=\"{&quot;background_background&quot;:&quot;classic&quot;}\">\n\t\t<div class=\"elementor-element elementor-element-31d933d e-con-full e-flex e-con e-child\" data-id=\"31d933d\" data-element_type=\"container\" data-e-type=\"container\">\n\t\t\t\t<div class=\"elementor-element elementor-element-13e53535 elementor-position-top elementor-widget elementor-widget-image-box\" data-id=\"13e53535\" data-element_type=\"widget\" data-e-type=\"widget\" data-widget_type=\"image-box.default\">\n\t\t\t\t<div class=\"elementor-widget-container\">\n\t\t\t\t\t<div class=\"elementor-image-box-wrapper\"><figure class=\"elementor-image-box-img\"><a href=\"#\" tabindex=\"-1\"><img loading=\"lazy\" decoding=\"async\" width=\"1080\" height=\"1080\" src=\"https:\/\/fedepapa.com\/home\/wp-content\/uploads\/2025\/05\/9.png\" class=\"elementor-animation-grow attachment-full size-full wp-image-22859\" alt=\"\" srcset=\"https:\/\/fedepapa.com\/home\/wp-content\/uploads\/2025\/05\/9.png 1080w, https:\/\/fedepapa.com\/home\/wp-content\/uploads\/2025\/05\/9-300x300.png 300w, https:\/\/fedepapa.com\/home\/wp-content\/uploads\/2025\/05\/9-1024x1024.png 1024w, https:\/\/fedepapa.com\/home\/wp-content\/uploads\/2025\/05\/9-150x150.png 150w, https:\/\/fedepapa.com\/home\/wp-content\/uploads\/2025\/05\/9-768x768.png 768w\" sizes=\"(max-width: 1080px) 100vw, 1080px\" \/><\/a><\/figure><div class=\"elementor-image-box-content\"><h4 class=\"elementor-image-box-title\"><a href=\"#\">I. Consumo<\/a><\/h4><p class=\"elementor-image-box-description\">\u2022 Identidad  <br>\u2022 Capacitaci\u00f3n<br>\u2022 Comercializaci\u00f3n<br>\u2022 Innovaci\u00f3n<\/p><\/div><\/div>\t\t\t\t<\/div>\n\t\t\t\t<\/div>\n\t\t\t\t<\/div>\n\t\t<div class=\"elementor-element elementor-element-65d5411 e-con-full e-flex e-con e-child\" data-id=\"65d5411\" data-element_type=\"container\" data-e-type=\"container\">\n\t\t\t\t<div class=\"elementor-element elementor-element-3cb0291f elementor-position-top elementor-widget elementor-widget-image-box\" data-id=\"3cb0291f\" data-element_type=\"widget\" data-e-type=\"widget\" data-widget_type=\"image-box.default\">\n\t\t\t\t<div class=\"elementor-widget-container\">\n\t\t\t\t\t<div class=\"elementor-image-box-wrapper\"><figure class=\"elementor-image-box-img\"><a href=\"#\" tabindex=\"-1\"><img loading=\"lazy\" decoding=\"async\" width=\"1080\" height=\"1080\" src=\"https:\/\/fedepapa.com\/home\/wp-content\/uploads\/2025\/05\/10.png\" class=\"elementor-animation-grow attachment-full size-full wp-image-22860\" alt=\"\" srcset=\"https:\/\/fedepapa.com\/home\/wp-content\/uploads\/2025\/05\/10.png 1080w, https:\/\/fedepapa.com\/home\/wp-content\/uploads\/2025\/05\/10-300x300.png 300w, https:\/\/fedepapa.com\/home\/wp-content\/uploads\/2025\/05\/10-1024x1024.png 1024w, https:\/\/fedepapa.com\/home\/wp-content\/uploads\/2025\/05\/10-150x150.png 150w, https:\/\/fedepapa.com\/home\/wp-content\/uploads\/2025\/05\/10-768x768.png 768w\" sizes=\"(max-width: 1080px) 100vw, 1080px\" \/><\/a><\/figure><div class=\"elementor-image-box-content\"><h4 class=\"elementor-image-box-title\"><a href=\"#\">II. Sostenibilidad<\/a><\/h4><p class=\"elementor-image-box-description\">\u2022 Econ\u00f3mica<br>\u2022 Social<br>\u2022 Ambiental<\/p><\/div><\/div>\t\t\t\t<\/div>\n\t\t\t\t<\/div>\n\t\t\t\t<\/div>\n\t\t<div class=\"elementor-element elementor-element-ee6a997 e-con-full e-flex e-con e-child\" data-id=\"ee6a997\" data-element_type=\"container\" data-e-type=\"container\">\n\t\t\t\t<div class=\"elementor-element elementor-element-2fb2ee6c elementor-position-top elementor-widget elementor-widget-image-box\" data-id=\"2fb2ee6c\" data-element_type=\"widget\" data-e-type=\"widget\" data-widget_type=\"image-box.default\">\n\t\t\t\t<div class=\"elementor-widget-container\">\n\t\t\t\t\t<div class=\"elementor-image-box-wrapper\"><figure class=\"elementor-image-box-img\"><a href=\"#\" tabindex=\"-1\"><img loading=\"lazy\" decoding=\"async\" width=\"1080\" height=\"1080\" src=\"https:\/\/fedepapa.com\/home\/wp-content\/uploads\/2025\/05\/11.png\" class=\"elementor-animation-grow attachment-full size-full wp-image-22861\" alt=\"\" srcset=\"https:\/\/fedepapa.com\/home\/wp-content\/uploads\/2025\/05\/11.png 1080w, https:\/\/fedepapa.com\/home\/wp-content\/uploads\/2025\/05\/11-300x300.png 300w, https:\/\/fedepapa.com\/home\/wp-content\/uploads\/2025\/05\/11-1024x1024.png 1024w, https:\/\/fedepapa.com\/home\/wp-content\/uploads\/2025\/05\/11-150x150.png 150w, https:\/\/fedepapa.com\/home\/wp-content\/uploads\/2025\/05\/11-768x768.png 768w\" sizes=\"(max-width: 1080px) 100vw, 1080px\" \/><\/a><\/figure><div class=\"elementor-image-box-content\"><h4 class=\"elementor-image-box-title\"><a href=\"#\">III. Institucionalidad<\/a><\/h4><p class=\"elementor-image-box-description\">\u2022 Liderazgo<br>\u2022 Representatividad<br>\u2022 Transparencia<\/p><\/div><\/div>\t\t\t\t<\/div>\n\t\t\t\t<\/div>\n\t\t\t\t<\/div>\n\t\t<div class=\"elementor-element elementor-element-a6a9d45 e-con-full e-flex e-con e-child\" data-id=\"a6a9d45\" data-element_type=\"container\" data-e-type=\"container\">\n\t\t\t\t<div class=\"elementor-element elementor-element-56587f77 elementor-position-top elementor-widget elementor-widget-image-box\" data-id=\"56587f77\" data-element_type=\"widget\" data-e-type=\"widget\" data-widget_type=\"image-box.default\">\n\t\t\t\t<div class=\"elementor-widget-container\">\n\t\t\t\t\t<div class=\"elementor-image-box-wrapper\"><figure class=\"elementor-image-box-img\"><a href=\"#\" tabindex=\"-1\"><img loading=\"lazy\" decoding=\"async\" width=\"1080\" height=\"1080\" src=\"https:\/\/fedepapa.com\/home\/wp-content\/uploads\/2025\/05\/12.png\" class=\"elementor-animation-grow attachment-full size-full wp-image-22862\" alt=\"\" srcset=\"https:\/\/fedepapa.com\/home\/wp-content\/uploads\/2025\/05\/12.png 1080w, https:\/\/fedepapa.com\/home\/wp-content\/uploads\/2025\/05\/12-300x300.png 300w, https:\/\/fedepapa.com\/home\/wp-content\/uploads\/2025\/05\/12-1024x1024.png 1024w, https:\/\/fedepapa.com\/home\/wp-content\/uploads\/2025\/05\/12-150x150.png 150w, https:\/\/fedepapa.com\/home\/wp-content\/uploads\/2025\/05\/12-768x768.png 768w\" sizes=\"(max-width: 1080px) 100vw, 1080px\" \/><\/a><\/figure><div class=\"elementor-image-box-content\"><h4 class=\"elementor-image-box-title\"><a href=\"#\">IV. Competitividad<\/a><\/h4><p class=\"elementor-image-box-description\">\u2022 Productividad<br>\u2022 Mejoramiento<br>\u2022 Mercado<br>\u2022 Adaptabilidad\n<\/p><\/div><\/div>\t\t\t\t<\/div>\n\t\t\t\t<\/div>\n\t\t\t\t<\/div>\n\t\t\t\t<\/div>\n\t\t<div class=\"elementor-element elementor-element-a9c478b e-flex e-con-boxed e-con e-parent\" data-id=\"a9c478b\" data-element_type=\"container\" data-e-type=\"container\">\n\t\t\t\t\t<div class=\"e-con-inner\">\n\t\t\t\t<div class=\"elementor-element elementor-element-ade86ba elementor-widget elementor-widget-spacer\" data-id=\"ade86ba\" data-element_type=\"widget\" data-e-type=\"widget\" data-widget_type=\"spacer.default\">\n\t\t\t\t<div class=\"elementor-widget-container\">\n\t\t\t\t\t\t\t<div class=\"elementor-spacer\">\n\t\t\t<div class=\"elementor-spacer-inner\"><\/div>\n\t\t<\/div>\n\t\t\t\t\t\t<\/div>\n\t\t\t\t<\/div>\n\t\t\t\t\t<\/div>\n\t\t\t\t<\/div>\n\t\t\t\t<\/div>\n\t\t","protected":false},"excerpt":{"rendered":"<p>MISI\u00d3N FEDEPAPA\u200b Representar los intereses del sector productivo papa, promoviendo su mejoramiento competitivo y sostenible mediante la concertaci\u00f3n, recomendaci\u00f3n y ejecuci\u00f3n de pol\u00edticas, estrategias y acciones que con enfoque diferencial permitan mejorar el nivel de vida de los productores y actores vinculados a la cadena agroalimentaria de la papa, su desarrollo integral y equitativo a&hellip;&nbsp;<a href=\"https:\/\/fedepapa.com\/home\/nosotros\/\" rel=\"bookmark\">Read More &raquo;<span class=\"screen-reader-text\">Nosotros<\/span><\/a><\/p>\n","protected":false},"author":3,"featured_media":0,"parent":0,"menu_order":0,"comment_status":"closed","ping_status":"closed","template":"elementor_header_footer","meta":{"neve_meta_sidebar":"","neve_meta_container":"","neve_meta_enable_content_width":"","neve_meta_content_width":0,"neve_meta_title_alignment":"","neve_meta_author_avatar":"","neve_post_elements_order":"","neve_meta_disable_header":"","neve_meta_disable_footer":"","neve_meta_disable_title":"","neve_meta_reading_time":"","_joinchat":[],"footnotes":""},"class_list":["post-22843","page","type-page","status-publish","hentry"],"_links":{"self":[{"href":"https:\/\/fedepapa.com\/home\/wp-json\/wp\/v2\/pages\/22843","targetHints":{"allow":["GET"]}}],"collection":[{"href":"https:\/\/fedepapa.com\/home\/wp-json\/wp\/v2\/pages"}],"about":[{"href":"https:\/\/fedepapa.com\/home\/wp-json\/wp\/v2\/types\/page"}],"author":[{"embeddable":true,"href":"https:\/\/fedepapa.com\/home\/wp-json\/wp\/v2\/users\/3"}],"replies":[{"embeddable":true,"href":"https:\/\/fedepapa.com\/home\/wp-json\/wp\/v2\/comments?post=22843"}],"version-history":[{"count":5,"href":"https:\/\/fedepapa.com\/home\/wp-json\/wp\/v2\/pages\/22843\/revisions"}],"predecessor-version":[{"id":22866,"href":"https:\/\/fedepapa.com\/home\/wp-json\/wp\/v2\/pages\/22843\/revisions\/22866"}],"wp:attachment":[{"href":"https:\/\/fedepapa.com\/home\/wp-json\/wp\/v2\/media?parent=22843"}],"curies":[{"name":"wp","href":"https:\/\/api.w.org\/{rel}","templated":true}]}}