{"id":22665,"date":"2025-04-24T07:59:18","date_gmt":"2025-04-24T12:59:18","guid":{"rendered":"https:\/\/fedepapa.com\/home\/?page_id=22665"},"modified":"2025-04-24T08:25:44","modified_gmt":"2025-04-24T13:25:44","slug":"compra-de-medios-masivos","status":"publish","type":"page","link":"https:\/\/fedepapa.com\/home\/compra-de-medios-masivos\/","title":{"rendered":"COMPRA DE MEDIOS MASIVOS"},"content":{"rendered":"\t\t<div data-elementor-type=\"wp-page\" data-elementor-id=\"22665\" class=\"elementor elementor-22665\">\n\t\t\t\t<div class=\"elementor-element elementor-element-cb97fbd e-con-full e-flex e-con e-parent\" data-id=\"cb97fbd\" data-element_type=\"container\" data-e-type=\"container\">\n\t\t\t\t<div class=\"elementor-element elementor-element-196956f elementor-widget elementor-widget-image\" data-id=\"196956f\" data-element_type=\"widget\" data-e-type=\"widget\" data-widget_type=\"image.default\">\n\t\t\t\t<div class=\"elementor-widget-container\">\n\t\t\t\t\t\t\t\t\t\t\t\t\t\t\t<img fetchpriority=\"high\" decoding=\"async\" width=\"1024\" height=\"576\" src=\"https:\/\/fedepapa.com\/home\/wp-content\/uploads\/2025\/04\/TR-medios-masivos-1024x576.jpg\" class=\"attachment-large size-large wp-image-22667\" alt=\"\" srcset=\"https:\/\/fedepapa.com\/home\/wp-content\/uploads\/2025\/04\/TR-medios-masivos-1024x576.jpg 1024w, https:\/\/fedepapa.com\/home\/wp-content\/uploads\/2025\/04\/TR-medios-masivos-300x169.jpg 300w, https:\/\/fedepapa.com\/home\/wp-content\/uploads\/2025\/04\/TR-medios-masivos-768x432.jpg 768w, https:\/\/fedepapa.com\/home\/wp-content\/uploads\/2025\/04\/TR-medios-masivos.jpg 1280w\" sizes=\"(max-width: 1024px) 100vw, 1024px\" \/>\t\t\t\t\t\t\t\t\t\t\t\t\t\t\t<\/div>\n\t\t\t\t<\/div>\n\t\t\t\t<\/div>\n\t\t<div class=\"elementor-element elementor-element-946ef13 e-flex e-con-boxed e-con e-parent\" data-id=\"946ef13\" data-element_type=\"container\" data-e-type=\"container\">\n\t\t\t\t\t<div class=\"e-con-inner\">\n\t\t\t\t<div class=\"elementor-element elementor-element-6fb3545 elementor-widget elementor-widget-text-editor\" data-id=\"6fb3545\" data-element_type=\"widget\" data-e-type=\"widget\" data-widget_type=\"text-editor.default\">\n\t\t\t\t<div class=\"elementor-widget-container\">\n\t\t\t\t\t\t\t\t\t<p style=\"text-align: center;\">Ingresa a los <strong>T\u00e9rminos de referencia<\/strong> para obtener toda la informac\u00edon.<\/p>\t\t\t\t\t\t\t\t<\/div>\n\t\t\t\t<\/div>\n\t\t\t\t\t<\/div>\n\t\t\t\t<\/div>\n\t\t<div class=\"elementor-element elementor-element-43e7abf e-flex e-con-boxed e-con e-parent\" data-id=\"43e7abf\" data-element_type=\"container\" data-e-type=\"container\">\n\t\t\t\t\t<div class=\"e-con-inner\">\n\t\t\t\t<div class=\"elementor-element elementor-element-41007ed elementor-align-center elementor-widget elementor-widget-button\" data-id=\"41007ed\" data-element_type=\"widget\" data-e-type=\"widget\" data-widget_type=\"button.default\">\n\t\t\t\t<div class=\"elementor-widget-container\">\n\t\t\t\t\t\t\t\t\t<div class=\"elementor-button-wrapper\">\n\t\t\t\t\t<a class=\"elementor-button elementor-button-link elementor-size-sm\" href=\"https:\/\/fedepapa.com\/home\/wp-content\/uploads\/2025\/04\/Terminos-de-referencia-ATL-2025-0.pdf\" target=\"_blank\">\n\t\t\t\t\t\t<span class=\"elementor-button-content-wrapper\">\n\t\t\t\t\t\t\t\t\t<span class=\"elementor-button-text\">T\u00e9rminos de referencia<\/span>\n\t\t\t\t\t<\/span>\n\t\t\t\t\t<\/a>\n\t\t\t\t<\/div>\n\t\t\t\t\t\t\t\t<\/div>\n\t\t\t\t<\/div>\n\t\t\t\t\t<\/div>\n\t\t\t\t<\/div>\n\t\t<div class=\"elementor-element elementor-element-3516787 e-flex e-con-boxed e-con e-parent\" data-id=\"3516787\" data-element_type=\"container\" data-e-type=\"container\">\n\t\t\t\t\t<div class=\"e-con-inner\">\n\t\t\t\t<div class=\"elementor-element elementor-element-bb32f58 elementor-align-center elementor-widget elementor-widget-button\" data-id=\"bb32f58\" data-element_type=\"widget\" data-e-type=\"widget\" data-widget_type=\"button.default\">\n\t\t\t\t<div class=\"elementor-widget-container\">\n\t\t\t\t\t\t\t\t\t<div class=\"elementor-button-wrapper\">\n\t\t\t\t\t<a class=\"elementor-button elementor-button-link elementor-size-sm\" href=\"https:\/\/fedepapa.com\/home\/wp-content\/uploads\/2025\/04\/Anexo-1-atl-V0.pdf\" target=\"_blank\">\n\t\t\t\t\t\t<span class=\"elementor-button-content-wrapper\">\n\t\t\t\t\t\t\t\t\t<span class=\"elementor-button-text\">Anexo 1<\/span>\n\t\t\t\t\t<\/span>\n\t\t\t\t\t<\/a>\n\t\t\t\t<\/div>\n\t\t\t\t\t\t\t\t<\/div>\n\t\t\t\t<\/div>\n\t\t\t\t\t<\/div>\n\t\t\t\t<\/div>\n\t\t<div class=\"elementor-element elementor-element-19d2e24 e-flex e-con-boxed e-con e-parent\" data-id=\"19d2e24\" data-element_type=\"container\" data-e-type=\"container\">\n\t\t\t\t\t<div class=\"e-con-inner\">\n\t\t\t\t<div class=\"elementor-element elementor-element-7588442 elementor-align-center elementor-widget elementor-widget-button\" data-id=\"7588442\" data-element_type=\"widget\" data-e-type=\"widget\" data-widget_type=\"button.default\">\n\t\t\t\t<div class=\"elementor-widget-container\">\n\t\t\t\t\t\t\t\t\t<div class=\"elementor-button-wrapper\">\n\t\t\t\t\t<a class=\"elementor-button elementor-button-link elementor-size-sm\" href=\"https:\/\/fedepapa.com\/home\/wp-content\/uploads\/2024\/10\/Formulario-Debida-Diligencia-Terceros-Vinculados-1.xls\">\n\t\t\t\t\t\t<span class=\"elementor-button-content-wrapper\">\n\t\t\t\t\t\t\t\t\t<span class=\"elementor-button-text\">Formulario debida diligencia terceros vinculados<\/span>\n\t\t\t\t\t<\/span>\n\t\t\t\t\t<\/a>\n\t\t\t\t<\/div>\n\t\t\t\t\t\t\t\t<\/div>\n\t\t\t\t<\/div>\n\t\t\t\t\t<\/div>\n\t\t\t\t<\/div>\n\t\t<div class=\"elementor-element elementor-element-262d306 e-flex e-con-boxed e-con e-parent\" data-id=\"262d306\" data-element_type=\"container\" data-e-type=\"container\">\n\t\t\t\t\t<div class=\"e-con-inner\">\n\t\t\t\t<div class=\"elementor-element elementor-element-c5e0a30 elementor-align-center elementor-widget elementor-widget-button\" data-id=\"c5e0a30\" data-element_type=\"widget\" data-e-type=\"widget\" data-widget_type=\"button.default\">\n\t\t\t\t<div class=\"elementor-widget-container\">\n\t\t\t\t\t\t\t\t\t<div class=\"elementor-button-wrapper\">\n\t\t\t\t\t<a class=\"elementor-button elementor-button-link elementor-size-sm\" href=\"https:\/\/fedepapa.com\/home\/wp-content\/uploads\/2024\/10\/DECLARACION-JURAMENTADA-DE-INHABILIDADES-INCOMPATIBILIDADES-E-INEXISTENCIA-DE-CONFLICTOS-DE-INTERES-TERCEROS-VINCULADOS-1.docx\">\n\t\t\t\t\t\t<span class=\"elementor-button-content-wrapper\">\n\t\t\t\t\t\t\t\t\t<span class=\"elementor-button-text\">Declaraci\u00f3n Juramentada<\/span>\n\t\t\t\t\t<\/span>\n\t\t\t\t\t<\/a>\n\t\t\t\t<\/div>\n\t\t\t\t\t\t\t\t<\/div>\n\t\t\t\t<\/div>\n\t\t\t\t\t<\/div>\n\t\t\t\t<\/div>\n\t\t\t\t<\/div>\n\t\t","protected":false},"excerpt":{"rendered":"<p>Ingresa a los T\u00e9rminos de referencia para obtener toda la informac\u00edon. T\u00e9rminos de referencia Anexo 1 Formulario debida diligencia terceros vinculados Declaraci\u00f3n Juramentada<\/p>\n","protected":false},"author":3,"featured_media":0,"parent":0,"menu_order":0,"comment_status":"closed","ping_status":"closed","template":"page-templates\/template-pagebuilder-full-width.php","meta":{"neve_meta_sidebar":"","neve_meta_container":"","neve_meta_enable_content_width":"","neve_meta_content_width":0,"neve_meta_title_alignment":"","neve_meta_author_avatar":"","neve_post_elements_order":"","neve_meta_disable_header":"","neve_meta_disable_footer":"","neve_meta_disable_title":"","neve_meta_reading_time":"","_joinchat":[],"footnotes":""},"class_list":["post-22665","page","type-page","status-publish","hentry"],"_links":{"self":[{"href":"https:\/\/fedepapa.com\/home\/wp-json\/wp\/v2\/pages\/22665","targetHints":{"allow":["GET"]}}],"collection":[{"href":"https:\/\/fedepapa.com\/home\/wp-json\/wp\/v2\/pages"}],"about":[{"href":"https:\/\/fedepapa.com\/home\/wp-json\/wp\/v2\/types\/page"}],"author":[{"embeddable":true,"href":"https:\/\/fedepapa.com\/home\/wp-json\/wp\/v2\/users\/3"}],"replies":[{"embeddable":true,"href":"https:\/\/fedepapa.com\/home\/wp-json\/wp\/v2\/comments?post=22665"}],"version-history":[{"count":7,"href":"https:\/\/fedepapa.com\/home\/wp-json\/wp\/v2\/pages\/22665\/revisions"}],"predecessor-version":[{"id":22680,"href":"https:\/\/fedepapa.com\/home\/wp-json\/wp\/v2\/pages\/22665\/revisions\/22680"}],"wp:attachment":[{"href":"https:\/\/fedepapa.com\/home\/wp-json\/wp\/v2\/media?parent=22665"}],"curies":[{"name":"wp","href":"https:\/\/api.w.org\/{rel}","templated":true}]}}