{"id":21821,"date":"2024-10-28T06:44:34","date_gmt":"2024-10-28T11:44:34","guid":{"rendered":"https:\/\/fedepapa.com\/home\/?page_id=21821"},"modified":"2025-05-05T22:29:04","modified_gmt":"2025-05-06T03:29:04","slug":"revista-papa-2","status":"publish","type":"page","link":"https:\/\/fedepapa.com\/home\/revista-papa-2\/","title":{"rendered":"Revista Papa"},"content":{"rendered":"\t\t<div data-elementor-type=\"wp-page\" data-elementor-id=\"21821\" class=\"elementor elementor-21821\">\n\t\t\t\t<div class=\"elementor-element elementor-element-2787442 e-con-full e-flex e-con e-parent\" data-id=\"2787442\" data-element_type=\"container\" data-e-type=\"container\" data-settings=\"{&quot;background_background&quot;:&quot;classic&quot;}\">\n\t\t\t\t<div class=\"elementor-element elementor-element-7f83349 elementor-widget elementor-widget-image\" data-id=\"7f83349\" data-element_type=\"widget\" data-e-type=\"widget\" data-widget_type=\"image.default\">\n\t\t\t\t<div class=\"elementor-widget-container\">\n\t\t\t\t\t\t\t\t\t\t\t\t\t\t\t<img fetchpriority=\"high\" decoding=\"async\" width=\"768\" height=\"96\" src=\"https:\/\/fedepapa.com\/home\/wp-content\/uploads\/2024\/10\/revistapapat-768x96-1.png\" class=\"attachment-large size-large wp-image-646\" alt=\"\" srcset=\"https:\/\/fedepapa.com\/home\/wp-content\/uploads\/2024\/10\/revistapapat-768x96-1.png 768w, https:\/\/fedepapa.com\/home\/wp-content\/uploads\/2024\/10\/revistapapat-768x96-1-300x38.png 300w\" sizes=\"(max-width: 768px) 100vw, 768px\" \/>\t\t\t\t\t\t\t\t\t\t\t\t\t\t\t<\/div>\n\t\t\t\t<\/div>\n\t\t\t\t<\/div>\n\t\t<div class=\"elementor-element elementor-element-7cc46f0 e-flex e-con-boxed e-con e-parent\" data-id=\"7cc46f0\" data-element_type=\"container\" data-e-type=\"container\" data-settings=\"{&quot;background_background&quot;:&quot;classic&quot;}\">\n\t\t\t\t\t<div class=\"e-con-inner\">\n\t\t\t\t<div class=\"elementor-element elementor-element-0206147 elementor-invisible elementor-widget elementor-widget-text-editor\" data-id=\"0206147\" data-element_type=\"widget\" data-e-type=\"widget\" data-settings=\"{&quot;_animation&quot;:&quot;fadeInRight&quot;}\" data-widget_type=\"text-editor.default\">\n\t\t\t\t<div class=\"elementor-widget-container\">\n\t\t\t\t\t\t\t\t\t<h4 style=\"text-align: center;\"><span style=\"color: #99cc00;\"><strong>FEDEPAPA<\/strong> tiene el gusto de presentar la Revista Papa, \u00f3rgano informativo institucional del gremio. Como medio especializado de informaci\u00f3n gremial y tecnol\u00f3gico del sector.<\/span><\/h4><p><a href=\"https:\/\/fedepapa.com\/home\/revista-papa\/\"><span style=\"color: #ffff00;\">\u00bfDesea pautar?<\/span><\/a><\/p>\t\t\t\t\t\t\t\t<\/div>\n\t\t\t\t<\/div>\n\t\t\t\t\t<\/div>\n\t\t\t\t<\/div>\n\t\t<div class=\"elementor-element elementor-element-1fcff6b e-grid e-con-full e-con e-parent\" data-id=\"1fcff6b\" data-element_type=\"container\" data-e-type=\"container\" data-settings=\"{&quot;background_background&quot;:&quot;classic&quot;}\">\n\t\t\t\t<div class=\"elementor-element elementor-element-1fcd689 elementor-widget elementor-widget-text-editor\" data-id=\"1fcd689\" data-element_type=\"widget\" data-e-type=\"widget\" data-widget_type=\"text-editor.default\">\n\t\t\t\t<div class=\"elementor-widget-container\">\n\t\t\t\t\t\t\t\t\t<p><div class=\"_df_book df-lite\" id=\"df_22751\"  _slug=\"22751\" data-title=\"\" wpoptions=\"true\" thumbtype=\"\" ><\/div><script class=\"df-shortcode-script\" nowprocket type=\"application\/javascript\">window.option_df_22751 = {\"outline\":[],\"autoEnableOutline\":\"false\",\"autoEnableThumbnail\":\"false\",\"overwritePDFOutline\":\"false\",\"direction\":\"1\",\"pageSize\":\"0\",\"source\":\"https:\\\/\\\/fedepapa.com\\\/home\\\/wp-content\\\/uploads\\\/2025\\\/05\\\/REVISTA-61_FEDEPAPA-WEB_compressed.pdf\",\"wpOptions\":\"true\"}; if(window.DFLIP && window.DFLIP.parseBooks){window.DFLIP.parseBooks();}<\/script><\/p>\t\t\t\t\t\t\t\t<\/div>\n\t\t\t\t<\/div>\n\t\t\t\t<div class=\"elementor-element elementor-element-092ade9 elementor-widget elementor-widget-text-editor\" data-id=\"092ade9\" data-element_type=\"widget\" data-e-type=\"widget\" data-widget_type=\"text-editor.default\">\n\t\t\t\t<div class=\"elementor-widget-container\">\n\t\t\t\t\t\t\t\t\t<p><div class=\"_df_book df-lite\" id=\"df_22001\"  _slug=\"revista-60\" data-title=\"revista-60\" wpoptions=\"true\" thumbtype=\"\" ><\/div><script class=\"df-shortcode-script\" nowprocket type=\"application\/javascript\">window.option_df_22001 = {\"outline\":[],\"backgroundColor\":\"FFF2D2\",\"autoEnableOutline\":\"false\",\"autoEnableThumbnail\":\"false\",\"overwritePDFOutline\":\"false\",\"direction\":\"1\",\"pageSize\":\"0\",\"source\":\"https:\\\/\\\/fedepapa.com\\\/home\\\/wp-content\\\/uploads\\\/2024\\\/12\\\/REVISTA-60-baja.pdf\",\"wpOptions\":\"true\"}; if(window.DFLIP && window.DFLIP.parseBooks){window.DFLIP.parseBooks();}<\/script><\/p>\t\t\t\t\t\t\t\t<\/div>\n\t\t\t\t<\/div>\n\t\t\t\t<div class=\"elementor-element elementor-element-fca477e elementor-widget elementor-widget-text-editor\" data-id=\"fca477e\" data-element_type=\"widget\" data-e-type=\"widget\" data-widget_type=\"text-editor.default\">\n\t\t\t\t<div class=\"elementor-widget-container\">\n\t\t\t\t\t\t\t\t\t<p><div class=\"_df_book df-lite\" id=\"df_631\"  _slug=\"631\" data-title=\"revista-59\" wpoptions=\"true\" thumbtype=\"\" ><\/div><script class=\"df-shortcode-script\" nowprocket type=\"application\/javascript\">window.option_df_631 = {\"outline\":[],\"backgroundColor\":\"FFF2D2\",\"autoEnableOutline\":\"false\",\"autoEnableThumbnail\":\"false\",\"overwritePDFOutline\":\"false\",\"direction\":\"1\",\"pageSize\":\"0\",\"source\":\"https:\\\/\\\/fedepapa.com\\\/home\\\/wp-content\\\/uploads\\\/2024\\\/10\\\/REVISTA-59_COMPLETA.pdf\",\"wpOptions\":\"true\"}; if(window.DFLIP && window.DFLIP.parseBooks){window.DFLIP.parseBooks();}<\/script><\/p>\t\t\t\t\t\t\t\t<\/div>\n\t\t\t\t<\/div>\n\t\t\t\t<\/div>\n\t\t\t\t<\/div>\n\t\t","protected":false},"excerpt":{"rendered":"<p>FEDEPAPA tiene el gusto de presentar la Revista Papa, \u00f3rgano informativo institucional del gremio. Como medio especializado de informaci\u00f3n gremial y tecnol\u00f3gico del sector. \u00bfDesea pautar?<\/p>\n","protected":false},"author":1,"featured_media":0,"parent":0,"menu_order":0,"comment_status":"closed","ping_status":"closed","template":"elementor_header_footer","meta":{"neve_meta_sidebar":"","neve_meta_container":"","neve_meta_enable_content_width":"","neve_meta_content_width":0,"neve_meta_title_alignment":"","neve_meta_author_avatar":"","neve_post_elements_order":"","neve_meta_disable_header":"","neve_meta_disable_footer":"","neve_meta_disable_title":"","neve_meta_reading_time":"","_joinchat":[],"footnotes":""},"class_list":["post-21821","page","type-page","status-publish","hentry"],"_links":{"self":[{"href":"https:\/\/fedepapa.com\/home\/wp-json\/wp\/v2\/pages\/21821","targetHints":{"allow":["GET"]}}],"collection":[{"href":"https:\/\/fedepapa.com\/home\/wp-json\/wp\/v2\/pages"}],"about":[{"href":"https:\/\/fedepapa.com\/home\/wp-json\/wp\/v2\/types\/page"}],"author":[{"embeddable":true,"href":"https:\/\/fedepapa.com\/home\/wp-json\/wp\/v2\/users\/1"}],"replies":[{"embeddable":true,"href":"https:\/\/fedepapa.com\/home\/wp-json\/wp\/v2\/comments?post=21821"}],"version-history":[{"count":19,"href":"https:\/\/fedepapa.com\/home\/wp-json\/wp\/v2\/pages\/21821\/revisions"}],"predecessor-version":[{"id":22759,"href":"https:\/\/fedepapa.com\/home\/wp-json\/wp\/v2\/pages\/21821\/revisions\/22759"}],"wp:attachment":[{"href":"https:\/\/fedepapa.com\/home\/wp-json\/wp\/v2\/media?parent=21821"}],"curies":[{"name":"wp","href":"https:\/\/api.w.org\/{rel}","templated":true}]}}