{"id":21636,"date":"2024-10-23T14:14:01","date_gmt":"2024-10-23T19:14:01","guid":{"rendered":"https:\/\/fedepapa.com\/home\/?page_id=21636"},"modified":"2024-10-23T15:09:50","modified_gmt":"2024-10-23T20:09:50","slug":"junta_directiva_2024","status":"publish","type":"page","link":"https:\/\/fedepapa.com\/home\/fedepapa\/junta_directiva_2024\/","title":{"rendered":"Junta Directiva 2024"},"content":{"rendered":"\t\t<div data-elementor-type=\"wp-page\" data-elementor-id=\"21636\" class=\"elementor elementor-21636\">\n\t\t\t\t<div class=\"elementor-element elementor-element-a0b28ad e-flex e-con-boxed e-con e-parent\" data-id=\"a0b28ad\" data-element_type=\"container\" data-e-type=\"container\" data-settings=\"{&quot;background_background&quot;:&quot;classic&quot;}\">\n\t\t\t\t\t<div class=\"e-con-inner\">\n\t\t\t\t<div class=\"elementor-element elementor-element-4345a0e elementor-widget elementor-widget-text-editor\" data-id=\"4345a0e\" data-element_type=\"widget\" data-e-type=\"widget\" data-widget_type=\"text-editor.default\">\n\t\t\t\t<div class=\"elementor-widget-container\">\n\t\t\t\t\t\t\t\t\t<div class=\"wpb_text_column wpb_content_element \"><div class=\"wpb_wrapper\"><h3 class=\"white\" style=\"text-align: center;\"><span style=\"color: #4e3724;\">Junta Directiva<\/span><\/h3><\/div><\/div><div class=\"vc_empty_space\" style=\"text-align: center;\"><span style=\"color: #4e3724;\">La Junta Directiva de Fedepapa 2022 \u2013 2024 qued\u00f3 conformada con 13 delegados de Antioquia, 5 delegados de Cundinamarca, 1 de Santander, 1 de Boyac\u00e1, 1 de Nari\u00f1o y 1 de Cauca.<\/span><\/div>\t\t\t\t\t\t\t\t<\/div>\n\t\t\t\t<\/div>\n\t\t\t\t\t<\/div>\n\t\t\t\t<\/div>\n\t\t<div class=\"elementor-element elementor-element-a2d4107 e-flex e-con-boxed e-con e-parent\" data-id=\"a2d4107\" data-element_type=\"container\" data-e-type=\"container\">\n\t\t\t\t\t<div class=\"e-con-inner\">\n\t\t\t\t<div class=\"elementor-element elementor-element-930b6f4 elementor-widget elementor-widget-image\" data-id=\"930b6f4\" data-element_type=\"widget\" data-e-type=\"widget\" data-widget_type=\"image.default\">\n\t\t\t\t<div class=\"elementor-widget-container\">\n\t\t\t\t\t\t\t\t\t\t\t\t\t\t\t<img fetchpriority=\"high\" decoding=\"async\" width=\"446\" height=\"345\" src=\"https:\/\/fedepapa.com\/home\/wp-content\/uploads\/2024\/10\/directivas_.jpg\" class=\"attachment-medium_large size-medium_large wp-image-21659\" alt=\"\" srcset=\"https:\/\/fedepapa.com\/home\/wp-content\/uploads\/2024\/10\/directivas_.jpg 446w, https:\/\/fedepapa.com\/home\/wp-content\/uploads\/2024\/10\/directivas_-300x232.jpg 300w\" sizes=\"(max-width: 446px) 100vw, 446px\" \/>\t\t\t\t\t\t\t\t\t\t\t\t\t\t\t<\/div>\n\t\t\t\t<\/div>\n\t\t\t\t\t<\/div>\n\t\t\t\t<\/div>\n\t\t<div class=\"elementor-element elementor-element-d1fe4e1 e-flex e-con-boxed e-con e-parent\" data-id=\"d1fe4e1\" data-element_type=\"container\" data-e-type=\"container\">\n\t\t\t\t\t<div class=\"e-con-inner\">\n\t\t\t\t<div class=\"elementor-element elementor-element-893e373 elementor-tabs-view-horizontal elementor-widget elementor-widget-tabs\" data-id=\"893e373\" data-element_type=\"widget\" data-e-type=\"widget\" data-widget_type=\"tabs.default\">\n\t\t\t\t<div class=\"elementor-widget-container\">\n\t\t\t\t\t\t\t<div class=\"elementor-tabs\">\n\t\t\t<div class=\"elementor-tabs-wrapper\" role=\"tablist\" >\n\t\t\t\t\t\t\t\t\t<div id=\"elementor-tab-title-1431\" class=\"elementor-tab-title elementor-tab-desktop-title\" aria-selected=\"true\" data-tab=\"1\" role=\"tab\" tabindex=\"0\" aria-controls=\"elementor-tab-content-1431\" aria-expanded=\"false\">Principales<\/div>\n\t\t\t\t\t\t\t\t\t<div id=\"elementor-tab-title-1432\" class=\"elementor-tab-title elementor-tab-desktop-title\" aria-selected=\"false\" data-tab=\"2\" role=\"tab\" tabindex=\"-1\" aria-controls=\"elementor-tab-content-1432\" aria-expanded=\"false\">Suplentes<\/div>\n\t\t\t\t\t\t\t<\/div>\n\t\t\t<div class=\"elementor-tabs-content-wrapper\" role=\"tablist\" aria-orientation=\"vertical\">\n\t\t\t\t\t\t\t\t\t<div class=\"elementor-tab-title elementor-tab-mobile-title\" aria-selected=\"true\" data-tab=\"1\" role=\"tab\" tabindex=\"0\" aria-controls=\"elementor-tab-content-1431\" aria-expanded=\"false\">Principales<\/div>\n\t\t\t\t\t<div id=\"elementor-tab-content-1431\" class=\"elementor-tab-content elementor-clearfix\" data-tab=\"1\" role=\"tabpanel\" aria-labelledby=\"elementor-tab-title-1431\" tabindex=\"0\" hidden=\"false\"><p style=\"text-align: left;\">1 F\u00e9lix Ignacio Rodr\u00edguez Santa Maria &#8211; <strong>PRESIDENTE<\/strong> Antioquia &#8211; La Uni\u00f3n.<br \/>2 Mario de Jes\u00fas Pati\u00f1o Pati\u00f1o &#8211; <strong>VICEPRESIDENTE<\/strong> Antioquia &#8211; La Uni\u00f3n.<br \/>3 Juan Warner Botero Botero. Antioquia &#8211; La Uni\u00f3n.<br \/>4 Sergio Andr\u00e9s Mart\u00ednez P\u00e9rez. Antioquia &#8211; La Uni\u00f3n.<br \/>5 David Alonso Jaramillo P\u00e9rez. Antioquia &#8211; La Uni\u00f3n.<br \/>6 Sonia Jaramillo Villegas. Antioquia &#8211; La Uni\u00f3n.<br \/>7 Javier Orlando Ar\u00e9valo. Nari\u00f1o &#8211; Pupiales.<br \/>8 Rosa Helena Rojas. Boyac\u00e1 &#8211; Tunja.<br \/>9 Fausto Carvajal. Santander &#8211; Cerrito.<br \/>10 Luis Guillermo Ram\u00edrez. Cundinamarca &#8211; Distrito Capital.<br \/>11 Ricardo Torres. Cundinamarca &#8211; Subachoque.<\/p><\/div>\n\t\t\t\t\t\t\t\t\t<div class=\"elementor-tab-title elementor-tab-mobile-title\" aria-selected=\"false\" data-tab=\"2\" role=\"tab\" tabindex=\"-1\" aria-controls=\"elementor-tab-content-1432\" aria-expanded=\"false\">Suplentes<\/div>\n\t\t\t\t\t<div id=\"elementor-tab-content-1432\" class=\"elementor-tab-content elementor-clearfix\" data-tab=\"2\" role=\"tabpanel\" aria-labelledby=\"elementor-tab-title-1432\" tabindex=\"0\" hidden=\"hidden\"><p>1 Fernando Botero Campuzano. Antioquia &#8211; La Uni\u00f3n.<br \/>2 Jorge Dar\u00edo Idarraga Valencia. Antioquia &#8211; La Uni\u00f3n.<br \/>3 Arlex Enrique Valencia Londo\u00f1o. Antioquia &#8211; La Uni\u00f3n.<br \/>4 Hugo de Jes\u00fas Morales Toro. Antioquia &#8211; La Uni\u00f3n.<br \/>5 Jorge Iv\u00e1n Bernal Guerra. Antioquia &#8211; La Uni\u00f3n.<br \/>6 Jairo de Jes\u00fas Jim\u00e9nez Soto. Antioquia &#8211; La Uni\u00f3n.<br \/>7 Jos\u00e9 Ever Melo Cer\u00f3n. Nari\u00f1o &#8211; T\u00faquerres.<br \/>8 Juli\u00e1n Paipa Acevedo. Boyac\u00e1 &#8211; Sorac\u00e1.<br \/>9 Andrea Arango. Valle &#8211; Barrag\u00e1n.<br \/>10 Juan Gabriel Avenda\u00f1o. Cundinamarca &#8211; Zipaquir\u00e1.<br \/>11 Sim\u00f3n Garc\u00eda. Cundinamarca &#8211; La Calera.<\/p><\/div>\n\t\t\t\t\t\t\t<\/div>\n\t\t<\/div>\n\t\t\t\t\t\t<\/div>\n\t\t\t\t<\/div>\n\t\t\t\t\t<\/div>\n\t\t\t\t<\/div>\n\t\t\t\t<\/div>\n\t\t","protected":false},"excerpt":{"rendered":"<p>Junta Directiva La Junta Directiva de Fedepapa 2022 \u2013 2024 qued\u00f3 conformada con 13 delegados de Antioquia, 5 delegados de Cundinamarca, 1 de Santander, 1 de Boyac\u00e1, 1 de Nari\u00f1o y 1 de Cauca. Principales Suplentes Principales 1 F\u00e9lix Ignacio Rodr\u00edguez Santa Maria &#8211; PRESIDENTE Antioquia &#8211; La Uni\u00f3n.2 Mario de Jes\u00fas Pati\u00f1o Pati\u00f1o &#8211;&hellip;&nbsp;<a href=\"https:\/\/fedepapa.com\/home\/fedepapa\/junta_directiva_2024\/\" rel=\"bookmark\">Read More &raquo;<span class=\"screen-reader-text\">Junta Directiva 2024<\/span><\/a><\/p>\n","protected":false},"author":1,"featured_media":0,"parent":10,"menu_order":1,"comment_status":"closed","ping_status":"closed","template":"elementor_header_footer","meta":{"neve_meta_sidebar":"","neve_meta_container":"","neve_meta_enable_content_width":"","neve_meta_content_width":0,"neve_meta_title_alignment":"","neve_meta_author_avatar":"","neve_post_elements_order":"","neve_meta_disable_header":"","neve_meta_disable_footer":"","neve_meta_disable_title":"","neve_meta_reading_time":"","_joinchat":[],"footnotes":""},"class_list":["post-21636","page","type-page","status-publish","hentry"],"_links":{"self":[{"href":"https:\/\/fedepapa.com\/home\/wp-json\/wp\/v2\/pages\/21636","targetHints":{"allow":["GET"]}}],"collection":[{"href":"https:\/\/fedepapa.com\/home\/wp-json\/wp\/v2\/pages"}],"about":[{"href":"https:\/\/fedepapa.com\/home\/wp-json\/wp\/v2\/types\/page"}],"author":[{"embeddable":true,"href":"https:\/\/fedepapa.com\/home\/wp-json\/wp\/v2\/users\/1"}],"replies":[{"embeddable":true,"href":"https:\/\/fedepapa.com\/home\/wp-json\/wp\/v2\/comments?post=21636"}],"version-history":[{"count":19,"href":"https:\/\/fedepapa.com\/home\/wp-json\/wp\/v2\/pages\/21636\/revisions"}],"predecessor-version":[{"id":21665,"href":"https:\/\/fedepapa.com\/home\/wp-json\/wp\/v2\/pages\/21636\/revisions\/21665"}],"up":[{"embeddable":true,"href":"https:\/\/fedepapa.com\/home\/wp-json\/wp\/v2\/pages\/10"}],"wp:attachment":[{"href":"https:\/\/fedepapa.com\/home\/wp-json\/wp\/v2\/media?parent=21636"}],"curies":[{"name":"wp","href":"https:\/\/api.w.org\/{rel}","templated":true}]}}