{"id":160,"date":"2024-09-11T16:42:49","date_gmt":"2024-09-11T16:42:49","guid":{"rendered":"https:\/\/fedepapa.com\/home\/?page_id=160"},"modified":"2024-11-08T21:27:46","modified_gmt":"2024-11-09T02:27:46","slug":"feria-de-la-papa-2024","status":"publish","type":"page","link":"https:\/\/fedepapa.com\/home\/feria-de-la-papa-2024\/","title":{"rendered":"feria-de-la-papa-2024"},"content":{"rendered":"\t\t<div data-elementor-type=\"wp-page\" data-elementor-id=\"160\" class=\"elementor elementor-160\">\n\t\t\t\t<div class=\"elementor-element elementor-element-db6a417 e-con-full e-flex e-con e-parent\" data-id=\"db6a417\" data-element_type=\"container\" data-e-type=\"container\" data-settings=\"{&quot;background_background&quot;:&quot;classic&quot;}\">\n\t\t<div class=\"elementor-element elementor-element-d729949 e-con-full e-flex e-con e-child\" data-id=\"d729949\" data-element_type=\"container\" data-e-type=\"container\">\n\t\t\t\t<div class=\"elementor-element elementor-element-510d9e1 elementor-invisible elementor-widget elementor-widget-image\" data-id=\"510d9e1\" data-element_type=\"widget\" data-e-type=\"widget\" data-settings=\"{&quot;_animation&quot;:&quot;fadeInLeft&quot;}\" data-widget_type=\"image.default\">\n\t\t\t\t<div class=\"elementor-widget-container\">\n\t\t\t\t\t\t\t\t\t\t\t\t\t\t\t<img fetchpriority=\"high\" decoding=\"async\" width=\"400\" height=\"348\" src=\"https:\/\/fedepapa.com\/home\/wp-content\/uploads\/2024\/09\/Logo_Feria_400.png\" class=\"attachment-large size-large wp-image-162\" alt=\"\" srcset=\"https:\/\/fedepapa.com\/home\/wp-content\/uploads\/2024\/09\/Logo_Feria_400.png 400w, https:\/\/fedepapa.com\/home\/wp-content\/uploads\/2024\/09\/Logo_Feria_400-300x261.png 300w\" sizes=\"(max-width: 400px) 100vw, 400px\" \/>\t\t\t\t\t\t\t\t\t\t\t\t\t\t\t<\/div>\n\t\t\t\t<\/div>\n\t\t\t\t<\/div>\n\t\t<div class=\"elementor-element elementor-element-ae33c14 e-con-full e-flex e-con e-child\" data-id=\"ae33c14\" data-element_type=\"container\" data-e-type=\"container\">\n\t\t\t\t<div class=\"elementor-element elementor-element-005e3a7 elementor-invisible elementor-widget elementor-widget-image\" data-id=\"005e3a7\" data-element_type=\"widget\" data-e-type=\"widget\" data-settings=\"{&quot;_animation&quot;:&quot;fadeInRight&quot;}\" data-widget_type=\"image.default\">\n\t\t\t\t<div class=\"elementor-widget-container\">\n\t\t\t\t\t\t\t\t\t\t\t\t\t\t\t<img decoding=\"async\" width=\"400\" height=\"348\" src=\"https:\/\/fedepapa.com\/home\/wp-content\/uploads\/2024\/09\/logo-color_400.png\" class=\"attachment-large size-large wp-image-163\" alt=\"\" srcset=\"https:\/\/fedepapa.com\/home\/wp-content\/uploads\/2024\/09\/logo-color_400.png 400w, https:\/\/fedepapa.com\/home\/wp-content\/uploads\/2024\/09\/logo-color_400-300x261.png 300w\" sizes=\"(max-width: 400px) 100vw, 400px\" \/>\t\t\t\t\t\t\t\t\t\t\t\t\t\t\t<\/div>\n\t\t\t\t<\/div>\n\t\t\t\t<\/div>\n\t\t\t\t<\/div>\n\t\t<div class=\"elementor-element elementor-element-25bbf14 e-con-full e-flex e-con e-parent\" data-id=\"25bbf14\" data-element_type=\"container\" data-e-type=\"container\" data-settings=\"{&quot;background_background&quot;:&quot;classic&quot;}\">\n\t\t\t\t<div class=\"elementor-element elementor-element-540c48e elementor-widget elementor-widget-text-editor\" data-id=\"540c48e\" data-element_type=\"widget\" data-e-type=\"widget\" data-widget_type=\"text-editor.default\">\n\t\t\t\t<div class=\"elementor-widget-container\">\n\t\t\t\t\t\t\t\t\t<p style=\"text-align: center;\"><strong>\u00danase a nosotros en esta celebraci\u00f3n de la papa y sea parte de un evento que honra nuestro pasado y abre las puertas a un futuro de innovaci\u00f3n y crecimiento.<\/strong><br \/><strong>Recuerden Gremio Somos Todos.<\/strong><\/p>\t\t\t\t\t\t\t\t<\/div>\n\t\t\t\t<\/div>\n\t\t\t\t<\/div>\n\t\t<div class=\"elementor-element elementor-element-1ae1e53 e-con-full e-flex e-con e-parent\" data-id=\"1ae1e53\" data-element_type=\"container\" data-e-type=\"container\" data-settings=\"{&quot;background_background&quot;:&quot;classic&quot;}\">\n\t\t\t\t<div class=\"elementor-element elementor-element-15e8fb0 elementor-widget elementor-widget-text-editor\" data-id=\"15e8fb0\" data-element_type=\"widget\" data-e-type=\"widget\" data-widget_type=\"text-editor.default\">\n\t\t\t\t<div class=\"elementor-widget-container\">\n\t\t\t\t\t\t\t\t\t<p style=\"text-align: center;\"><\/p>\t\t\t\t\t\t\t\t<\/div>\n\t\t\t\t<\/div>\n\t\t\t\t<\/div>\n\t\t<div class=\"elementor-element elementor-element-374db44 e-con-full e-flex e-con e-parent\" data-id=\"374db44\" data-element_type=\"container\" data-e-type=\"container\" data-settings=\"{&quot;background_background&quot;:&quot;classic&quot;}\">\n\t\t\t\t<div class=\"elementor-element elementor-element-5658e35 elementor-widget elementor-widget-image\" data-id=\"5658e35\" data-element_type=\"widget\" data-e-type=\"widget\" data-widget_type=\"image.default\">\n\t\t\t\t<div class=\"elementor-widget-container\">\n\t\t\t\t\t\t\t\t\t\t\t\t\t\t\t<img decoding=\"async\" width=\"500\" height=\"762\" src=\"https:\/\/fedepapa.com\/home\/wp-content\/uploads\/2024\/09\/Hombrehombre.png\" class=\"attachment-large size-large wp-image-195\" alt=\"\" srcset=\"https:\/\/fedepapa.com\/home\/wp-content\/uploads\/2024\/09\/Hombrehombre.png 500w, https:\/\/fedepapa.com\/home\/wp-content\/uploads\/2024\/09\/Hombrehombre-197x300.png 197w\" sizes=\"(max-width: 500px) 100vw, 500px\" \/>\t\t\t\t\t\t\t\t\t\t\t\t\t\t\t<\/div>\n\t\t\t\t<\/div>\n\t\t\t\t<\/div>\n\t\t<div class=\"elementor-element elementor-element-d079116 e-con-full e-flex e-con e-parent\" data-id=\"d079116\" data-element_type=\"container\" data-e-type=\"container\">\n\t\t\t\t<div class=\"elementor-element elementor-element-9d1f6b4 elementor-widget elementor-widget-text-editor\" data-id=\"9d1f6b4\" data-element_type=\"widget\" data-e-type=\"widget\" data-widget_type=\"text-editor.default\">\n\t\t\t\t<div class=\"elementor-widget-container\">\n\t\t\t\t\t\t\t\t\t<p><strong>Este a\u00f1o, Fedepapa celebra con orgullo 50 a\u00f1os de liderazgo en el desarrollo del sector papicultor en Colombia. Hemos trabajado incansablemente para apoyar a nuestros productores, promover la innovaci\u00f3n y garantizar la sostenibilidad de uno de los cultivos m\u00e1s emblem\u00e1ticos del pa\u00eds.\u00a0Adem\u00e1s, lanzamos el Centro Nacional de Investigaci\u00f3n de la Papa, una iniciativa clave para mejorar la calidad y productividad de la papa colombiana.<\/strong><\/p><p><strong>La Primera Feria Nacional de la Papa se celebrar\u00e1 el 9 y 10 de noviembre de 2024, en Villapinz\u00f3n, Cundinamarca. Este evento es el punto de encuentro esencial para los actores m\u00e1s importantes del sector, ofreciendo una plataforma \u00fanica para la exposici\u00f3n de productos, el intercambio de conocimientos y la creaci\u00f3n de nuevas oportunidades de negocio. Los expositores podr\u00e1n elegir entre una variedad de stands dise\u00f1ados para satisfacer las necesidades de diferentes casas comerciales, con ubicaciones estrat\u00e9gicas y precios competitivos.<\/strong><\/p><hr \/><p>\u00a0<\/p>\t\t\t\t\t\t\t\t<\/div>\n\t\t\t\t<\/div>\n\t\t\t\t<\/div>\n\t\t<div class=\"elementor-element elementor-element-7c0e109 e-con-full e-flex e-con e-parent\" data-id=\"7c0e109\" data-element_type=\"container\" data-e-type=\"container\">\n\t\t\t\t<div class=\"elementor-element elementor-element-8c1f7f5 elementor-pagination-position-inside elementor-arrows-position-inside elementor-widget elementor-widget-image-carousel\" data-id=\"8c1f7f5\" data-element_type=\"widget\" data-e-type=\"widget\" data-settings=\"{&quot;slides_to_show&quot;:&quot;1&quot;,&quot;navigation&quot;:&quot;both&quot;,&quot;autoplay&quot;:&quot;yes&quot;,&quot;pause_on_hover&quot;:&quot;yes&quot;,&quot;pause_on_interaction&quot;:&quot;yes&quot;,&quot;autoplay_speed&quot;:5000,&quot;infinite&quot;:&quot;yes&quot;,&quot;effect&quot;:&quot;slide&quot;,&quot;speed&quot;:500}\" data-widget_type=\"image-carousel.default\">\n\t\t\t\t<div class=\"elementor-widget-container\">\n\t\t\t\t\t\t\t<div class=\"elementor-image-carousel-wrapper swiper\" role=\"region\" aria-roledescription=\"carousel\" aria-label=\"Carrusel de im\u00e1genes\" dir=\"ltr\">\n\t\t\t<div class=\"elementor-image-carousel swiper-wrapper\" aria-live=\"off\">\n\t\t\t\t\t\t\t\t<div class=\"swiper-slide\" role=\"group\" aria-roledescription=\"slide\" aria-label=\"1 de 4\"><figure class=\"swiper-slide-inner\"><img decoding=\"async\" class=\"swiper-slide-image\" src=\"https:\/\/fedepapa.com\/home\/wp-content\/uploads\/2024\/11\/Agenda-1024x1024.jpg\" alt=\"Agenda\" \/><\/figure><\/div><div class=\"swiper-slide\" role=\"group\" aria-roledescription=\"slide\" aria-label=\"2 de 4\"><figure class=\"swiper-slide-inner\"><img decoding=\"async\" class=\"swiper-slide-image\" src=\"https:\/\/fedepapa.com\/home\/wp-content\/uploads\/2024\/11\/dia_1-1024x1024.jpg\" alt=\"dia_1\" \/><\/figure><\/div><div class=\"swiper-slide\" role=\"group\" aria-roledescription=\"slide\" aria-label=\"3 de 4\"><figure class=\"swiper-slide-inner\"><img decoding=\"async\" class=\"swiper-slide-image\" src=\"https:\/\/fedepapa.com\/home\/wp-content\/uploads\/2024\/11\/dia_2-1024x1024.jpg\" alt=\"dia_2\" \/><\/figure><\/div><div class=\"swiper-slide\" role=\"group\" aria-roledescription=\"slide\" aria-label=\"4 de 4\"><figure class=\"swiper-slide-inner\"><img decoding=\"async\" class=\"swiper-slide-image\" src=\"https:\/\/fedepapa.com\/home\/wp-content\/uploads\/2024\/11\/Cultural-1024x1024.jpg\" alt=\"Cultural\" \/><\/figure><\/div>\t\t\t<\/div>\n\t\t\t\t\t\t\t\t\t\t\t\t<div class=\"elementor-swiper-button elementor-swiper-button-prev\" role=\"button\" tabindex=\"0\">\n\t\t\t\t\t\t<svg aria-hidden=\"true\" class=\"e-font-icon-svg e-eicon-chevron-left\" viewBox=\"0 0 1000 1000\" xmlns=\"http:\/\/www.w3.org\/2000\/svg\"><path d=\"M646 125C629 125 613 133 604 142L308 442C296 454 292 471 292 487 292 504 296 521 308 533L604 854C617 867 629 875 646 875 663 875 679 871 692 858 704 846 713 829 713 812 713 796 708 779 692 767L438 487 692 225C700 217 708 204 708 187 708 171 704 154 692 142 675 129 663 125 646 125Z\"><\/path><\/svg>\t\t\t\t\t<\/div>\n\t\t\t\t\t<div class=\"elementor-swiper-button elementor-swiper-button-next\" role=\"button\" tabindex=\"0\">\n\t\t\t\t\t\t<svg aria-hidden=\"true\" class=\"e-font-icon-svg e-eicon-chevron-right\" viewBox=\"0 0 1000 1000\" xmlns=\"http:\/\/www.w3.org\/2000\/svg\"><path d=\"M696 533C708 521 713 504 713 487 713 471 708 454 696 446L400 146C388 133 375 125 354 125 338 125 325 129 313 142 300 154 292 171 292 187 292 204 296 221 308 233L563 492 304 771C292 783 288 800 288 817 288 833 296 850 308 863 321 871 338 875 354 875 371 875 388 867 400 854L696 533Z\"><\/path><\/svg>\t\t\t\t\t<\/div>\n\t\t\t\t\n\t\t\t\t\t\t\t\t\t<div class=\"swiper-pagination\"><\/div>\n\t\t\t\t\t\t\t\t\t<\/div>\n\t\t\t\t\t\t<\/div>\n\t\t\t\t<\/div>\n\t\t\t\t<\/div>\n\t\t<div class=\"elementor-element elementor-element-6155a69 e-flex e-con-boxed e-con e-parent\" data-id=\"6155a69\" data-element_type=\"container\" data-e-type=\"container\">\n\t\t\t\t\t<div class=\"e-con-inner\">\n\t\t<div class=\"elementor-element elementor-element-70a8549 e-con-full e-flex e-con e-child\" data-id=\"70a8549\" data-element_type=\"container\" data-e-type=\"container\">\n\t\t\t\t<div class=\"elementor-element elementor-element-102a0af elementor-widget elementor-widget-image\" data-id=\"102a0af\" data-element_type=\"widget\" data-e-type=\"widget\" data-widget_type=\"image.default\">\n\t\t\t\t<div class=\"elementor-widget-container\">\n\t\t\t\t\t\t\t\t\t\t\t\t<figure class=\"wp-caption\">\n\t\t\t\t\t\t\t\t\t\t<img loading=\"lazy\" decoding=\"async\" width=\"150\" height=\"150\" src=\"https:\/\/fedepapa.com\/home\/wp-content\/uploads\/2024\/09\/feria-150x150.png\" class=\"attachment-thumbnail size-thumbnail wp-image-208\" alt=\"\" srcset=\"https:\/\/fedepapa.com\/home\/wp-content\/uploads\/2024\/09\/feria-150x150.png 150w, https:\/\/fedepapa.com\/home\/wp-content\/uploads\/2024\/09\/feria-300x300.png 300w, https:\/\/fedepapa.com\/home\/wp-content\/uploads\/2024\/09\/feria.png 512w\" sizes=\"(max-width: 150px) 100vw, 150px\" \/>\t\t\t\t\t\t\t\t\t\t\t<figcaption class=\"widget-image-caption wp-caption-text\">Disfruta de m\u00e1s de 12 mil metros cuadrados de experiencias \u00fanicas y oportunidades imperdibles.<\/figcaption>\n\t\t\t\t\t\t\t\t\t\t<\/figure>\n\t\t\t\t\t\t\t\t\t<\/div>\n\t\t\t\t<\/div>\n\t\t\t\t<\/div>\n\t\t<div class=\"elementor-element elementor-element-c72537a e-con-full e-flex e-con e-child\" data-id=\"c72537a\" data-element_type=\"container\" data-e-type=\"container\">\n\t\t\t\t<div class=\"elementor-element elementor-element-f24f2da elementor-widget elementor-widget-image\" data-id=\"f24f2da\" data-element_type=\"widget\" data-e-type=\"widget\" data-widget_type=\"image.default\">\n\t\t\t\t<div class=\"elementor-widget-container\">\n\t\t\t\t\t\t\t\t\t\t\t\t<figure class=\"wp-caption\">\n\t\t\t\t\t\t\t\t\t\t<img loading=\"lazy\" decoding=\"async\" width=\"150\" height=\"150\" src=\"https:\/\/fedepapa.com\/home\/wp-content\/uploads\/2024\/09\/tractor-1-150x150.png\" class=\"attachment-thumbnail size-thumbnail wp-image-209\" alt=\"\" srcset=\"https:\/\/fedepapa.com\/home\/wp-content\/uploads\/2024\/09\/tractor-1-150x150.png 150w, https:\/\/fedepapa.com\/home\/wp-content\/uploads\/2024\/09\/tractor-1-300x300.png 300w, https:\/\/fedepapa.com\/home\/wp-content\/uploads\/2024\/09\/tractor-1.png 512w\" sizes=\"(max-width: 150px) 100vw, 150px\" \/>\t\t\t\t\t\t\t\t\t\t\t<figcaption class=\"widget-image-caption wp-caption-text\">Intercambia conocimientos y tecnolog\u00edas innovadoras aplicables al sector.<\/figcaption>\n\t\t\t\t\t\t\t\t\t\t<\/figure>\n\t\t\t\t\t\t\t\t\t<\/div>\n\t\t\t\t<\/div>\n\t\t\t\t<\/div>\n\t\t<div class=\"elementor-element elementor-element-7611b18 e-con-full e-flex e-con e-child\" data-id=\"7611b18\" data-element_type=\"container\" data-e-type=\"container\">\n\t\t\t\t<div class=\"elementor-element elementor-element-ebcb623 elementor-widget elementor-widget-image\" data-id=\"ebcb623\" data-element_type=\"widget\" data-e-type=\"widget\" data-widget_type=\"image.default\">\n\t\t\t\t<div class=\"elementor-widget-container\">\n\t\t\t\t\t\t\t\t\t\t\t\t<figure class=\"wp-caption\">\n\t\t\t\t\t\t\t\t\t\t<img loading=\"lazy\" decoding=\"async\" width=\"150\" height=\"150\" src=\"https:\/\/fedepapa.com\/home\/wp-content\/uploads\/2024\/09\/humano-150x150.png\" class=\"attachment-thumbnail size-thumbnail wp-image-210\" alt=\"\" srcset=\"https:\/\/fedepapa.com\/home\/wp-content\/uploads\/2024\/09\/humano-150x150.png 150w, https:\/\/fedepapa.com\/home\/wp-content\/uploads\/2024\/09\/humano-300x300.png 300w, https:\/\/fedepapa.com\/home\/wp-content\/uploads\/2024\/09\/humano.png 512w\" sizes=\"(max-width: 150px) 100vw, 150px\" \/>\t\t\t\t\t\t\t\t\t\t\t<figcaption class=\"widget-image-caption wp-caption-text\">Logra alcanzar a m\u00e1s de 5 mil clientes potenciales.<\/figcaption>\n\t\t\t\t\t\t\t\t\t\t<\/figure>\n\t\t\t\t\t\t\t\t\t<\/div>\n\t\t\t\t<\/div>\n\t\t\t\t<\/div>\n\t\t<div class=\"elementor-element elementor-element-d23f86c e-con-full e-flex e-con e-child\" data-id=\"d23f86c\" data-element_type=\"container\" data-e-type=\"container\">\n\t\t\t\t<div class=\"elementor-element elementor-element-52ff5e1 elementor-widget elementor-widget-image\" data-id=\"52ff5e1\" data-element_type=\"widget\" data-e-type=\"widget\" data-widget_type=\"image.default\">\n\t\t\t\t<div class=\"elementor-widget-container\">\n\t\t\t\t\t\t\t\t\t\t\t\t<figure class=\"wp-caption\">\n\t\t\t\t\t\t\t\t\t\t<img loading=\"lazy\" decoding=\"async\" width=\"150\" height=\"150\" src=\"https:\/\/fedepapa.com\/home\/wp-content\/uploads\/2024\/09\/organizacion-150x150.png\" class=\"attachment-thumbnail size-thumbnail wp-image-211\" alt=\"\" srcset=\"https:\/\/fedepapa.com\/home\/wp-content\/uploads\/2024\/09\/organizacion-150x150.png 150w, https:\/\/fedepapa.com\/home\/wp-content\/uploads\/2024\/09\/organizacion-300x300.png 300w, https:\/\/fedepapa.com\/home\/wp-content\/uploads\/2024\/09\/organizacion.png 512w\" sizes=\"(max-width: 150px) 100vw, 150px\" \/>\t\t\t\t\t\t\t\t\t\t\t<figcaption class=\"widget-image-caption wp-caption-text\">Ac\u00e9rcate con la oferta institucional disponible para el sector.<\/figcaption>\n\t\t\t\t\t\t\t\t\t\t<\/figure>\n\t\t\t\t\t\t\t\t\t<\/div>\n\t\t\t\t<\/div>\n\t\t\t\t<\/div>\n\t\t<div class=\"elementor-element elementor-element-38739d3 e-con-full e-flex e-con e-child\" data-id=\"38739d3\" data-element_type=\"container\" data-e-type=\"container\">\n\t\t\t\t<div class=\"elementor-element elementor-element-219367e elementor-widget elementor-widget-image\" data-id=\"219367e\" data-element_type=\"widget\" data-e-type=\"widget\" data-widget_type=\"image.default\">\n\t\t\t\t<div class=\"elementor-widget-container\">\n\t\t\t\t\t\t\t\t\t\t\t\t<figure class=\"wp-caption\">\n\t\t\t\t\t\t\t\t\t\t<img loading=\"lazy\" decoding=\"async\" width=\"150\" height=\"150\" src=\"https:\/\/fedepapa.com\/home\/wp-content\/uploads\/2024\/09\/pala-150x150.png\" class=\"attachment-thumbnail size-thumbnail wp-image-212\" alt=\"\" srcset=\"https:\/\/fedepapa.com\/home\/wp-content\/uploads\/2024\/09\/pala-150x150.png 150w, https:\/\/fedepapa.com\/home\/wp-content\/uploads\/2024\/09\/pala-300x300.png 300w, https:\/\/fedepapa.com\/home\/wp-content\/uploads\/2024\/09\/pala.png 512w\" sizes=\"(max-width: 150px) 100vw, 150px\" \/>\t\t\t\t\t\t\t\t\t\t\t<figcaption class=\"widget-image-caption wp-caption-text\">Conoce la actualidad y tendencias del sector de la papa.<\/figcaption>\n\t\t\t\t\t\t\t\t\t\t<\/figure>\n\t\t\t\t\t\t\t\t\t<\/div>\n\t\t\t\t<\/div>\n\t\t\t\t<\/div>\n\t\t<div class=\"elementor-element elementor-element-9af308e e-con-full e-flex e-con e-child\" data-id=\"9af308e\" data-element_type=\"container\" data-e-type=\"container\">\n\t\t\t\t<div class=\"elementor-element elementor-element-2ac3763 elementor-widget elementor-widget-image\" data-id=\"2ac3763\" data-element_type=\"widget\" data-e-type=\"widget\" data-widget_type=\"image.default\">\n\t\t\t\t<div class=\"elementor-widget-container\">\n\t\t\t\t\t\t\t\t\t\t\t\t<figure class=\"wp-caption\">\n\t\t\t\t\t\t\t\t\t\t<img loading=\"lazy\" decoding=\"async\" width=\"150\" height=\"150\" src=\"https:\/\/fedepapa.com\/home\/wp-content\/uploads\/2024\/09\/analisis-150x150.png\" class=\"attachment-thumbnail size-thumbnail wp-image-213\" alt=\"\" srcset=\"https:\/\/fedepapa.com\/home\/wp-content\/uploads\/2024\/09\/analisis-150x150.png 150w, https:\/\/fedepapa.com\/home\/wp-content\/uploads\/2024\/09\/analisis-300x300.png 300w, https:\/\/fedepapa.com\/home\/wp-content\/uploads\/2024\/09\/analisis.png 512w\" sizes=\"(max-width: 150px) 100vw, 150px\" \/>\t\t\t\t\t\t\t\t\t\t\t<figcaption class=\"widget-image-caption wp-caption-text\">Contribuye a la estrategia de sostenibilidad del sector de la papa junto a los actores estrat\u00e9gicos de la cadena de valor.<\/figcaption>\n\t\t\t\t\t\t\t\t\t\t<\/figure>\n\t\t\t\t\t\t\t\t\t<\/div>\n\t\t\t\t<\/div>\n\t\t\t\t<\/div>\n\t\t\t\t\t<\/div>\n\t\t\t\t<\/div>\n\t\t<div class=\"elementor-element elementor-element-6a46d79 e-con-full e-flex e-con e-parent\" data-id=\"6a46d79\" data-element_type=\"container\" data-e-type=\"container\">\n\t\t\t\t<div class=\"elementor-element elementor-element-5a73c17 elementor-align-justify elementor-invisible elementor-widget elementor-widget-button\" data-id=\"5a73c17\" data-element_type=\"widget\" data-e-type=\"widget\" data-settings=\"{&quot;_animation&quot;:&quot;zoomIn&quot;}\" data-widget_type=\"button.default\">\n\t\t\t\t<div class=\"elementor-widget-container\">\n\t\t\t\t\t\t\t\t\t<div class=\"elementor-button-wrapper\">\n\t\t\t\t\t<a class=\"elementor-button elementor-button-link elementor-size-sm\" href=\"https:\/\/docs.google.com\/forms\/d\/e\/1FAIpQLSeaxB2ZIhW8KTNRwm3bSyqqiYIHqIxCYZH2O8jBeEx88ES4Yw\/viewform\" target=\"_blank\">\n\t\t\t\t\t\t<span class=\"elementor-button-content-wrapper\">\n\t\t\t\t\t\t\t\t\t<span class=\"elementor-button-text\">Pre Registro<\/span>\n\t\t\t\t\t<\/span>\n\t\t\t\t\t<\/a>\n\t\t\t\t<\/div>\n\t\t\t\t\t\t\t\t<\/div>\n\t\t\t\t<\/div>\n\t\t\t\t<\/div>\n\t\t<div class=\"elementor-element elementor-element-63bda9f e-con-full e-flex e-con e-parent\" data-id=\"63bda9f\" data-element_type=\"container\" data-e-type=\"container\">\n\t\t\t\t<div class=\"elementor-element elementor-element-3855882 elementor-widget elementor-widget-text-editor\" data-id=\"3855882\" data-element_type=\"widget\" data-e-type=\"widget\" data-widget_type=\"text-editor.default\">\n\t\t\t\t<div class=\"elementor-widget-container\">\n\t\t\t\t\t\t\t\t\t<hr \/><h3 style=\"text-align: center;\">Espacios dise\u00f1ados para una \u00f3ptima interacci\u00f3n grupal:<\/h3>\t\t\t\t\t\t\t\t<\/div>\n\t\t\t\t<\/div>\n\t\t\t\t<\/div>\n\t\t<div class=\"elementor-element elementor-element-21b3f62 e-con-full e-flex e-con e-parent\" data-id=\"21b3f62\" data-element_type=\"container\" data-e-type=\"container\">\n\t\t\t\t<div class=\"elementor-element elementor-element-d4e261a elementor-widget elementor-widget-image\" data-id=\"d4e261a\" data-element_type=\"widget\" data-e-type=\"widget\" data-widget_type=\"image.default\">\n\t\t\t\t<div class=\"elementor-widget-container\">\n\t\t\t\t\t\t\t\t\t\t\t\t\t\t\t<img loading=\"lazy\" decoding=\"async\" width=\"1024\" height=\"576\" src=\"https:\/\/fedepapa.com\/home\/wp-content\/uploads\/2024\/09\/Plano-General_Home-1024x576.jpg\" class=\"attachment-large size-large wp-image-217\" alt=\"\" srcset=\"https:\/\/fedepapa.com\/home\/wp-content\/uploads\/2024\/09\/Plano-General_Home-1024x576.jpg 1024w, https:\/\/fedepapa.com\/home\/wp-content\/uploads\/2024\/09\/Plano-General_Home-300x169.jpg 300w, https:\/\/fedepapa.com\/home\/wp-content\/uploads\/2024\/09\/Plano-General_Home-768x432.jpg 768w, https:\/\/fedepapa.com\/home\/wp-content\/uploads\/2024\/09\/Plano-General_Home.jpg 1100w\" sizes=\"(max-width: 1024px) 100vw, 1024px\" \/>\t\t\t\t\t\t\t\t\t\t\t\t\t\t\t<\/div>\n\t\t\t\t<\/div>\n\t\t\t\t<\/div>\n\t\t<div class=\"elementor-element elementor-element-d03f5d4 e-flex e-con-boxed e-con e-parent\" data-id=\"d03f5d4\" data-element_type=\"container\" data-e-type=\"container\">\n\t\t\t\t\t<div class=\"e-con-inner\">\n\t\t<div class=\"elementor-element elementor-element-b4d9743 e-con-full e-flex e-con e-child\" data-id=\"b4d9743\" data-element_type=\"container\" data-e-type=\"container\">\n\t\t\t\t<div class=\"elementor-element elementor-element-9c2d636 elementor-align-center elementor-widget elementor-widget-button\" data-id=\"9c2d636\" data-element_type=\"widget\" data-e-type=\"widget\" data-widget_type=\"button.default\">\n\t\t\t\t<div class=\"elementor-widget-container\">\n\t\t\t\t\t\t\t\t\t<div class=\"elementor-button-wrapper\">\n\t\t\t\t\t<a class=\"elementor-button elementor-button-link elementor-size-sm elementor-animation-pulse\" href=\"https:\/\/docs.google.com\/forms\/d\/e\/1FAIpQLSdmSUHr7r6fBAY8cw51qipU9bvu7awGiNN3A6zAzGTXbl_HTw\/viewform\" target=\"_blank\">\n\t\t\t\t\t\t<span class=\"elementor-button-content-wrapper\">\n\t\t\t\t\t\t\t\t\t<span class=\"elementor-button-text\">Contactenos<\/span>\n\t\t\t\t\t<\/span>\n\t\t\t\t\t<\/a>\n\t\t\t\t<\/div>\n\t\t\t\t\t\t\t\t<\/div>\n\t\t\t\t<\/div>\n\t\t\t\t<\/div>\n\t\t<div class=\"elementor-element elementor-element-74a5fa2 e-con-full e-flex e-con e-child\" data-id=\"74a5fa2\" data-element_type=\"container\" data-e-type=\"container\">\n\t\t\t\t<div class=\"elementor-element elementor-element-666b537 elementor-align-center elementor-widget elementor-widget-button\" data-id=\"666b537\" data-element_type=\"widget\" data-e-type=\"widget\" data-widget_type=\"button.default\">\n\t\t\t\t<div class=\"elementor-widget-container\">\n\t\t\t\t\t\t\t\t\t<div class=\"elementor-button-wrapper\">\n\t\t\t\t\t<a class=\"elementor-button elementor-button-link elementor-size-sm elementor-animation-pulse\" href=\"https:\/\/fedepapa.com\/home\/wp-content\/uploads\/2024\/09\/SOLICITUD-DE-RESERVA-DE-STAND-FERIA-DE-LA-PAPA-50-.pdf\" target=\"_blank\">\n\t\t\t\t\t\t<span class=\"elementor-button-content-wrapper\">\n\t\t\t\t\t\t\t\t\t<span class=\"elementor-button-text\">Reserve su Stand<\/span>\n\t\t\t\t\t<\/span>\n\t\t\t\t\t<\/a>\n\t\t\t\t<\/div>\n\t\t\t\t\t\t\t\t<\/div>\n\t\t\t\t<\/div>\n\t\t\t\t<\/div>\n\t\t\t\t\t<\/div>\n\t\t\t\t<\/div>\n\t\t<div class=\"elementor-element elementor-element-654dfb4 e-con-full e-flex e-con e-parent\" data-id=\"654dfb4\" data-element_type=\"container\" data-e-type=\"container\">\n\t\t\t\t<div class=\"elementor-element elementor-element-137937b elementor-widget elementor-widget-text-editor\" data-id=\"137937b\" data-element_type=\"widget\" data-e-type=\"widget\" data-widget_type=\"text-editor.default\">\n\t\t\t\t<div class=\"elementor-widget-container\">\n\t\t\t\t\t\t\t\t\t<p style=\"text-align: center;\"><div class=\"_df_book df-lite\" id=\"df_202\"  _slug=\"feria-2024\" data-title=\"feria-2024\" wpoptions=\"true\" thumbtype=\"\" ><\/div><script class=\"df-shortcode-script\" nowprocket type=\"application\/javascript\">window.option_df_202 = {\"outline\":[],\"autoEnableOutline\":\"false\",\"autoEnableThumbnail\":\"false\",\"overwritePDFOutline\":\"false\",\"direction\":\"1\",\"pageSize\":\"0\",\"source\":\"https:\\\/\\\/fedepapa.com\\\/home\\\/wp-content\\\/uploads\\\/2024\\\/09\\\/Brochure_comercial.pdf\",\"wpOptions\":\"true\"}; if(window.DFLIP && window.DFLIP.parseBooks){window.DFLIP.parseBooks();}<\/script><\/p>\t\t\t\t\t\t\t\t<\/div>\n\t\t\t\t<\/div>\n\t\t\t\t<\/div>\n\t\t\t\t<\/div>\n\t\t","protected":false},"excerpt":{"rendered":"<p>\u00danase a nosotros en esta celebraci\u00f3n de la papa y sea parte de un evento que honra nuestro pasado y abre las puertas a un futuro de innovaci\u00f3n y crecimiento.Recuerden Gremio Somos Todos. Este a\u00f1o, Fedepapa celebra con orgullo 50 a\u00f1os de liderazgo en el desarrollo del sector papicultor en Colombia. Hemos trabajado incansablemente para&hellip;&nbsp;<a href=\"https:\/\/fedepapa.com\/home\/feria-de-la-papa-2024\/\" rel=\"bookmark\">Read More &raquo;<span class=\"screen-reader-text\">feria-de-la-papa-2024<\/span><\/a><\/p>\n","protected":false},"author":1,"featured_media":0,"parent":0,"menu_order":0,"comment_status":"closed","ping_status":"closed","template":"page-templates\/template-pagebuilder-full-width.php","meta":{"neve_meta_sidebar":"","neve_meta_container":"","neve_meta_enable_content_width":"","neve_meta_content_width":0,"neve_meta_title_alignment":"","neve_meta_author_avatar":"","neve_post_elements_order":"","neve_meta_disable_header":"","neve_meta_disable_footer":"","neve_meta_disable_title":"","neve_meta_reading_time":"","_joinchat":[],"footnotes":""},"class_list":["post-160","page","type-page","status-publish","hentry"],"_links":{"self":[{"href":"https:\/\/fedepapa.com\/home\/wp-json\/wp\/v2\/pages\/160","targetHints":{"allow":["GET"]}}],"collection":[{"href":"https:\/\/fedepapa.com\/home\/wp-json\/wp\/v2\/pages"}],"about":[{"href":"https:\/\/fedepapa.com\/home\/wp-json\/wp\/v2\/types\/page"}],"author":[{"embeddable":true,"href":"https:\/\/fedepapa.com\/home\/wp-json\/wp\/v2\/users\/1"}],"replies":[{"embeddable":true,"href":"https:\/\/fedepapa.com\/home\/wp-json\/wp\/v2\/comments?post=160"}],"version-history":[{"count":64,"href":"https:\/\/fedepapa.com\/home\/wp-json\/wp\/v2\/pages\/160\/revisions"}],"predecessor-version":[{"id":21946,"href":"https:\/\/fedepapa.com\/home\/wp-json\/wp\/v2\/pages\/160\/revisions\/21946"}],"wp:attachment":[{"href":"https:\/\/fedepapa.com\/home\/wp-json\/wp\/v2\/media?parent=160"}],"curies":[{"name":"wp","href":"https:\/\/api.w.org\/{rel}","templated":true}]}}